{"id":4217,"date":"2025-06-25T11:28:30","date_gmt":"2025-06-25T09:28:30","guid":{"rendered":"https:\/\/rusticslacoma.com\/politica-de-privacidade\/"},"modified":"2025-06-25T13:30:45","modified_gmt":"2025-06-25T11:30:45","slug":"politica-privacidade","status":"publish","type":"page","link":"https:\/\/rusticslacoma.com\/pt-pt\/politica-privacidade\/","title":{"rendered":"Pol\u00edtica de Privacidade"},"content":{"rendered":"<div class=\"fusion-fullwidth fullwidth-box fusion-builder-row-1 nonhundred-percent-fullwidth non-hundred-percent-height-scrolling\" style=\"--awb-border-radius-top-left:0px;--awb-border-radius-top-right:0px;--awb-border-radius-bottom-right:0px;--awb-border-radius-bottom-left:0px;--awb-padding-right:5%;--awb-padding-left:5%;--awb-flex-wrap:wrap;\" ><div class=\"fusion-builder-row fusion-row\"><div class=\"fusion-layout-column fusion_builder_column fusion-builder-column-0 fusion_builder_column_1_1 1_1 fusion-one-full fusion-column-first fusion-column-last\" style=\"--awb-bg-size:cover;--awb-margin-top:0px;--awb-margin-bottom:0px;\"><div class=\"fusion-column-wrapper fusion-flex-column-wrapper-legacy\"><div class=\"fusion-title title fusion-title-1 fusion-sep-none fusion-title-text fusion-title-size-one\"><h1 class=\"fusion-title-heading title-heading-left fusion-responsive-typography-calculated\" style=\"margin:0;--fontSize:48;line-height:1.2;\">Pol\u00edtica de Privacidade<\/h1><\/div><div class=\"fusion-text fusion-text-1\"><h2>1. Informations sur l\u2019entreprise :<\/h2>\n<p><strong>CER\u00c1MICA LA COMA, S.A.<\/strong><br \/><strong>Si\u00e8ge social<\/strong> : Calle Pedro i Pons, 18, 4\u00ba-2\u00aa, 08034 Barcelona<br \/><strong>Usine :<\/strong> Ctra. de Men\u00e1rguens, S\/N \u2013 25600 Balaguer (Lleida)<br \/>Registre du Commerce de Barcelone, Tome 5221, Livre 4529, Section 2\u00aa, Folio 158, Feuille n\u00ba54.430, Inscription 1\u00aa \u2013 C.I.F. A-08789679<br \/><a href=\"mailto:info@lacoma.com\">info@lacoma.com<\/a><\/p>\n<h2>2. Politique de confidentialit\u00e9 et de s\u00e9curit\u00e9 :<\/h2>\n<p>CER\u00c1MICA LA COMA, S.A. garantit la confidentialit\u00e9 de vos donn\u00e9es personnelles conform\u00e9ment \u00e0 :<\/p>\n<ul>\n<li>Le <strong>RGPD<\/strong> (R\u00e8glement (UE) 2016\/679 du Parlement europ\u00e9en et du Conseil du 27 avril 2016 relatif \u00e0 la protection des personnes physiques).<\/li>\n<li>La <strong>LOPD<\/strong> (Loi organique espagnole 15\/1999 du 13 d\u00e9cembre sur la protection des donn\u00e9es \u00e0 caract\u00e8re personnel et D\u00e9cret royal 1720\/2007 du 21 d\u00e9cembre).<\/li>\n<\/ul>\n<p>Nous collectons vos donn\u00e9es chaque fois que vous nous contactez directement via ce site web, par t\u00e9l\u00e9phone ou par email, pour demander des informations sur nos produits et services, pour obtenir un devis, ou lors d\u2019un achat ou d\u2019un contrat direct avec nous. Parfois, avec votre autorisation, des entreprises tierces peuvent nous fournir vos donn\u00e9es.<\/p>\n<p>CER\u00c1MICA LA COMA, S.A. utilise, stocke et traite vos donn\u00e9es \u00e0 des fins de service client, de promotions et de publicit\u00e9, pour r\u00e9pondre \u00e0 vos demandes et vous informer de nos offres, ou pour g\u00e9rer correctement vos achats. Les donn\u00e9es recueillies sont n\u00e9cessaires \u00e0 la bonne gestion de la relation entre les parties.<\/p>\n<p>CER\u00c1MICA LA COMA, S.A. ne transmettra en aucun cas vos donn\u00e9es personnelles \u00e0 des tiers, sauf dans les cas pr\u00e9vus par la loi. Dans tous les autres cas, vous serez inform\u00e9 et votre consentement sera demand\u00e9.<\/p>\n<p>Vous pouvez exercer vos droits d\u2019acc\u00e8s, de rectification, de limitation, d\u2019annulation et d\u2019opposition au traitement de vos donn\u00e9es, en \u00e9crivant \u00e0 CER\u00c1MICA LA COMA, S.A., Ctra. de Men\u00e1rguens, S\/N \u2013 25600 Balaguer (Lleida), ou par email \u00e0 <a href=\"mailto:info@lacoma.com\">info@lacoma.com<\/a><\/p>\n<h2>3. Conditions d\u2019utilisation \u2013 CER\u00c1MICA LA COMA, S.A. n\u2019est pas responsable :<\/h2>\n<p>3.1. D\u2019un usage illicite, non autoris\u00e9, frauduleux ou interdit du site web ou de ses contenus, ni d\u2019un usage portant atteinte aux droits et int\u00e9r\u00eats l\u00e9gitimes de tiers.<\/p>\n<p>3.2. De dommages caus\u00e9s aux syst\u00e8mes physiques ou logiques de CER\u00c1MICA LA COMA, S.A., de son site Web, de ses fournisseurs ou de tiers, ou de toute action susceptible de nuire au bon fonctionnement des fichiers ou contenus informatiques. Il est strictement interdit d\u2019introduire ou de diffuser des virus ou tout autre syst\u00e8me pouvant provoquer des dommages.<\/p>\n<p>3.3. De tentatives d\u2019acc\u00e8s \u00e0 des zones restreintes du site sans autorisation, ni de l\u2019utilisation, reproduction, distribution ou manipulation des donn\u00e9es appartenant \u00e0 CER\u00c1MICA LA COMA, S.A., \u00e0 ses fournisseurs ou \u00e0 d\u2019autres utilisateurs.<\/p>\n<p>3.4. L\u2019utilisateur s\u2019engage notamment \u00e0 ne pas transmettre, diffuser ou rendre accessible tout contenu :<\/p>\n<p>3.4.1 Contraires aux droits fondamentaux reconnus par la Constitution, les Trait\u00e9s internationaux et la l\u00e9gislation en vigueur.<\/p>\n<p>3.4.2 Incitant \u00e0 des comportements criminels, diffamatoires, violents ou nuisibles \u00e0 la sant\u00e9 mentale ou physique.<\/p>\n<p>3.4.3 Encourageant des attitudes discriminatoires fond\u00e9es sur le sexe, la race, la religion, les croyances, l\u2019\u00e2ge ou la condition.<\/p>\n<p>3.4.4 Qui constituent de la publicit\u00e9 ou communication de tiers non li\u00e9s \u00e0 CER\u00c1MICA LA COMA, S.A.<\/p>\n<h2>4. Droits d\u2019auteur, propri\u00e9t\u00e9 intellectuelle et industrielle<\/h2>\n<p>Tous les contenus de www.lacoma.com (design graphique, logos, images, textes\u2026) sont la propri\u00e9t\u00e9 de CER\u00c1MICA LA COMA, S.A. L\u2019utilisateur reconna\u00eet que toutes les marques, noms commerciaux et autres \u00e9l\u00e9ments de propri\u00e9t\u00e9 intellectuelle ou industrielle inclus dans le site sont la propri\u00e9t\u00e9 exclusive de CER\u00c1MICA LA COMA, S.A. ou de tiers. Aucun acc\u00e8s au site ne peut \u00eatre interpr\u00e9t\u00e9 comme une cession ou un droit d\u2019exploitation de ces \u00e9l\u00e9ments sans autorisation expresse. Aucun contenu ne peut \u00eatre copi\u00e9, reproduit, publi\u00e9 ou distribu\u00e9, sauf pour un usage strictement personnel, tout en respectant les droits d\u2019auteur.<\/p>\n<h2>5. Limitation de responsabilit\u00e9<\/h2>\n<p>CER\u00c1MICA LA COMA, S.A. ne garantit pas l\u2019absence de virus ou d\u2019autres \u00e9l\u00e9ments pouvant alt\u00e9rer les syst\u00e8mes informatiques. L\u2019utilisateur accepte ces risques et exon\u00e8re CER\u00c1MICA LA COMA, S.A. de toute responsabilit\u00e9. Bien que nous mettions tout en \u0153uvre pour garantir la s\u00e9curit\u00e9 des informations, nous ne pouvons assurer une s\u00e9curit\u00e9 absolue sur Internet.<\/p>\n<h2>6. Politique de liens<\/h2>\n<p>Notre site peut contenir des liens vers d\u2019autres sites web dont les pratiques peuvent diff\u00e9rer. CER\u00c1MICA LA COMA, S.A. d\u00e9cline toute responsabilit\u00e9 concernant ces contenus externes, leurs politiques de confidentialit\u00e9 ou les dommages pouvant d\u00e9couler de leur acc\u00e8s. La soci\u00e9t\u00e9 n\u2019assume aucune responsabilit\u00e9 concernant les informations en dehors de ce site web et non g\u00e9r\u00e9es par www.lacoma.com<\/p>\n<h2>7. Loi applicable et juridiction<\/h2>\n<p>Les pr\u00e9sentes conditions g\u00e9n\u00e9rales sont r\u00e9gies par le droit espagnol. Tout litige sera soumis \u00e0 la juridiction des tribunaux espagnols.<\/p>\n<\/div><div class=\"fusion-clearfix\"><\/div><\/div><\/div><\/div><\/div>\n","protected":false},"excerpt":{"rendered":"","protected":false},"author":1,"featured_media":0,"parent":0,"menu_order":0,"comment_status":"closed","ping_status":"closed","template":"","meta":{"_acf_changed":false,"footnotes":""},"class_list":["post-4217","page","type-page","status-publish","hentry"],"acf":[],"yoast_head":"<!-- This site is optimized with the Yoast SEO plugin v25.2 - https:\/\/yoast.com\/wordpress\/plugins\/seo\/ -->\n<title>Pol\u00edtica de Privacidade - R\u00fastics La Coma<\/title>\n<meta name=\"robots\" content=\"index, follow, max-snippet:-1, max-image-preview:large, max-video-preview:-1\" \/>\n<link rel=\"canonical\" href=\"https:\/\/rusticslacoma.com\/pt-pt\/politica-privacidade\/\" \/>\n<meta property=\"og:locale\" content=\"pt_PT\" \/>\n<meta property=\"og:type\" content=\"article\" \/>\n<meta property=\"og:title\" content=\"Pol\u00edtica de Privacidade - R\u00fastics La Coma\" \/>\n<meta property=\"og:url\" content=\"https:\/\/rusticslacoma.com\/pt-pt\/politica-privacidade\/\" \/>\n<meta property=\"og:site_name\" content=\"R\u00fastics La Coma\" \/>\n<meta property=\"article:modified_time\" content=\"2025-06-25T11:30:45+00:00\" \/>\n<meta name=\"twitter:card\" content=\"summary_large_image\" \/>\n<meta name=\"twitter:label1\" content=\"Est. reading time\" \/>\n\t<meta name=\"twitter:data1\" content=\"6 minutes\" \/>\n<script type=\"application\/ld+json\" class=\"yoast-schema-graph\">{\"@context\":\"https:\/\/schema.org\",\"@graph\":[{\"@type\":\"WebPage\",\"@id\":\"https:\/\/rusticslacoma.com\/pt-pt\/politica-privacidade\/\",\"url\":\"https:\/\/rusticslacoma.com\/pt-pt\/politica-privacidade\/\",\"name\":\"Pol\u00edtica de Privacidade - R\u00fastics La Coma\",\"isPartOf\":{\"@id\":\"https:\/\/rusticslacoma.com\/pt-pt\/#website\"},\"datePublished\":\"2025-06-25T09:28:30+00:00\",\"dateModified\":\"2025-06-25T11:30:45+00:00\",\"breadcrumb\":{\"@id\":\"https:\/\/rusticslacoma.com\/pt-pt\/politica-privacidade\/#breadcrumb\"},\"inLanguage\":\"pt\",\"potentialAction\":[{\"@type\":\"ReadAction\",\"target\":[\"https:\/\/rusticslacoma.com\/pt-pt\/politica-privacidade\/\"]}]},{\"@type\":\"BreadcrumbList\",\"@id\":\"https:\/\/rusticslacoma.com\/pt-pt\/politica-privacidade\/#breadcrumb\",\"itemListElement\":[{\"@type\":\"ListItem\",\"position\":1,\"name\":\"Inici\",\"item\":\"https:\/\/rusticslacoma.com\/pt-pt\/inicio\/\"},{\"@type\":\"ListItem\",\"position\":2,\"name\":\"Pol\u00edtica de Privacidade\"}]},{\"@type\":\"WebSite\",\"@id\":\"https:\/\/rusticslacoma.com\/pt-pt\/#website\",\"url\":\"https:\/\/rusticslacoma.com\/pt-pt\/\",\"name\":\"R\u00fastics La Coma\",\"description\":\"Ladrillos y baldosas r\u00fasticas\",\"publisher\":{\"@id\":\"https:\/\/rusticslacoma.com\/pt-pt\/#organization\"},\"potentialAction\":[{\"@type\":\"SearchAction\",\"target\":{\"@type\":\"EntryPoint\",\"urlTemplate\":\"https:\/\/rusticslacoma.com\/pt-pt\/?s={search_term_string}\"},\"query-input\":{\"@type\":\"PropertyValueSpecification\",\"valueRequired\":true,\"valueName\":\"search_term_string\"}}],\"inLanguage\":\"pt\"},{\"@type\":\"Organization\",\"@id\":\"https:\/\/rusticslacoma.com\/pt-pt\/#organization\",\"name\":\"R\u00fastics la Coma\",\"url\":\"https:\/\/rusticslacoma.com\/pt-pt\/\",\"logo\":{\"@type\":\"ImageObject\",\"inLanguage\":\"pt\",\"@id\":\"https:\/\/rusticslacoma.com\/pt-pt\/#\/schema\/logo\/image\/\",\"url\":\"https:\/\/rusticslacoma.com\/wp-content\/uploads\/2020\/04\/logo-rustics-400.png\",\"contentUrl\":\"https:\/\/rusticslacoma.com\/wp-content\/uploads\/2020\/04\/logo-rustics-400.png\",\"width\":400,\"height\":207,\"caption\":\"R\u00fastics la Coma\"},\"image\":{\"@id\":\"https:\/\/rusticslacoma.com\/pt-pt\/#\/schema\/logo\/image\/\"}}]}<\/script>\n<!-- \/ Yoast SEO plugin. -->","yoast_head_json":{"title":"Pol\u00edtica de Privacidade - R\u00fastics La Coma","robots":{"index":"index","follow":"follow","max-snippet":"max-snippet:-1","max-image-preview":"max-image-preview:large","max-video-preview":"max-video-preview:-1"},"canonical":"https:\/\/rusticslacoma.com\/pt-pt\/politica-privacidade\/","og_locale":"pt_PT","og_type":"article","og_title":"Pol\u00edtica de Privacidade - R\u00fastics La Coma","og_url":"https:\/\/rusticslacoma.com\/pt-pt\/politica-privacidade\/","og_site_name":"R\u00fastics La Coma","article_modified_time":"2025-06-25T11:30:45+00:00","twitter_card":"summary_large_image","twitter_misc":{"Est. reading time":"6 minutes"},"schema":{"@context":"https:\/\/schema.org","@graph":[{"@type":"WebPage","@id":"https:\/\/rusticslacoma.com\/pt-pt\/politica-privacidade\/","url":"https:\/\/rusticslacoma.com\/pt-pt\/politica-privacidade\/","name":"Pol\u00edtica de Privacidade - R\u00fastics La Coma","isPartOf":{"@id":"https:\/\/rusticslacoma.com\/pt-pt\/#website"},"datePublished":"2025-06-25T09:28:30+00:00","dateModified":"2025-06-25T11:30:45+00:00","breadcrumb":{"@id":"https:\/\/rusticslacoma.com\/pt-pt\/politica-privacidade\/#breadcrumb"},"inLanguage":"pt","potentialAction":[{"@type":"ReadAction","target":["https:\/\/rusticslacoma.com\/pt-pt\/politica-privacidade\/"]}]},{"@type":"BreadcrumbList","@id":"https:\/\/rusticslacoma.com\/pt-pt\/politica-privacidade\/#breadcrumb","itemListElement":[{"@type":"ListItem","position":1,"name":"Inici","item":"https:\/\/rusticslacoma.com\/pt-pt\/inicio\/"},{"@type":"ListItem","position":2,"name":"Pol\u00edtica de Privacidade"}]},{"@type":"WebSite","@id":"https:\/\/rusticslacoma.com\/pt-pt\/#website","url":"https:\/\/rusticslacoma.com\/pt-pt\/","name":"R\u00fastics La Coma","description":"Ladrillos y baldosas r\u00fasticas","publisher":{"@id":"https:\/\/rusticslacoma.com\/pt-pt\/#organization"},"potentialAction":[{"@type":"SearchAction","target":{"@type":"EntryPoint","urlTemplate":"https:\/\/rusticslacoma.com\/pt-pt\/?s={search_term_string}"},"query-input":{"@type":"PropertyValueSpecification","valueRequired":true,"valueName":"search_term_string"}}],"inLanguage":"pt"},{"@type":"Organization","@id":"https:\/\/rusticslacoma.com\/pt-pt\/#organization","name":"R\u00fastics la Coma","url":"https:\/\/rusticslacoma.com\/pt-pt\/","logo":{"@type":"ImageObject","inLanguage":"pt","@id":"https:\/\/rusticslacoma.com\/pt-pt\/#\/schema\/logo\/image\/","url":"https:\/\/rusticslacoma.com\/wp-content\/uploads\/2020\/04\/logo-rustics-400.png","contentUrl":"https:\/\/rusticslacoma.com\/wp-content\/uploads\/2020\/04\/logo-rustics-400.png","width":400,"height":207,"caption":"R\u00fastics la Coma"},"image":{"@id":"https:\/\/rusticslacoma.com\/pt-pt\/#\/schema\/logo\/image\/"}}]}},"_links":{"self":[{"href":"https:\/\/rusticslacoma.com\/pt-pt\/wp-json\/wp\/v2\/pages\/4217","targetHints":{"allow":["GET"]}}],"collection":[{"href":"https:\/\/rusticslacoma.com\/pt-pt\/wp-json\/wp\/v2\/pages"}],"about":[{"href":"https:\/\/rusticslacoma.com\/pt-pt\/wp-json\/wp\/v2\/types\/page"}],"author":[{"embeddable":true,"href":"https:\/\/rusticslacoma.com\/pt-pt\/wp-json\/wp\/v2\/users\/1"}],"replies":[{"embeddable":true,"href":"https:\/\/rusticslacoma.com\/pt-pt\/wp-json\/wp\/v2\/comments?post=4217"}],"version-history":[{"count":2,"href":"https:\/\/rusticslacoma.com\/pt-pt\/wp-json\/wp\/v2\/pages\/4217\/revisions"}],"predecessor-version":[{"id":4319,"href":"https:\/\/rusticslacoma.com\/pt-pt\/wp-json\/wp\/v2\/pages\/4217\/revisions\/4319"}],"wp:attachment":[{"href":"https:\/\/rusticslacoma.com\/pt-pt\/wp-json\/wp\/v2\/media?parent=4217"}],"curies":[{"name":"wp","href":"https:\/\/api.w.org\/{rel}","templated":true}]}}