{"id":4010,"date":"2025-06-25T11:28:18","date_gmt":"2025-06-25T09:28:18","guid":{"rendered":"https:\/\/rusticslacoma.com\/politica-de-cookies\/"},"modified":"2025-06-25T11:40:25","modified_gmt":"2025-06-25T09:40:25","slug":"politica-cookies","status":"publish","type":"page","link":"https:\/\/rusticslacoma.com\/pt-pt\/politica-cookies\/","title":{"rendered":"Pol\u00edtica de Cookies"},"content":{"rendered":"<div class=\"fusion-fullwidth fullwidth-box fusion-builder-row-1 nonhundred-percent-fullwidth non-hundred-percent-height-scrolling\" style=\"--awb-border-radius-top-left:0px;--awb-border-radius-top-right:0px;--awb-border-radius-bottom-right:0px;--awb-border-radius-bottom-left:0px;--awb-padding-right:5%;--awb-padding-left:5%;--awb-flex-wrap:wrap;\" ><div class=\"fusion-builder-row fusion-row\"><div class=\"fusion-layout-column fusion_builder_column fusion-builder-column-0 fusion_builder_column_1_1 1_1 fusion-one-full fusion-column-first fusion-column-last\" style=\"--awb-bg-size:cover;--awb-margin-top:0px;--awb-margin-bottom:0px;\"><div class=\"fusion-column-wrapper fusion-flex-column-wrapper-legacy\"><div class=\"fusion-title title fusion-title-1 fusion-sep-none fusion-title-text fusion-title-size-one\"><h1 class=\"fusion-title-heading title-heading-left fusion-responsive-typography-calculated\" style=\"margin:0;--fontSize:48;line-height:1.2;\">Pol\u00edtica de Cookies<\/h1><\/div><div class=\"fusion-text fusion-text-1\"><p>Um \u00abCookie\u00bb \u00e9 um pequeno ficheiro que \u00e9 armazenado no computador do utilizador e que nos permite reconhecer o utilizador. O conjunto de \u00abcookies\u00bb ajuda-nos a melhorar a qualidade do nosso site, permitindo-nos controlar quais as p\u00e1ginas que s\u00e3o \u00fateis para os nossos utilizadores e quais n\u00e3o s\u00e3o.<\/p>\n<p>Os cookies s\u00e3o essenciais para o funcionamento da Internet, proporcionando in\u00fameras vantagens na presta\u00e7\u00e3o de servi\u00e7os interativos, facilitando a navega\u00e7\u00e3o e o funcionamento do nosso site. Note-se que os cookies n\u00e3o podem danificar o seu computador e que, em contrapartida, o facto de estarem ativados ajuda-nos a identificar e a resolver erros.<\/p>\n<p>As informa\u00e7\u00f5es fornecidas abaixo ajud\u00e1-lo-\u00e3o a compreender os diferentes tipos de cookies:<\/p>\n<p>_\u00a0<b>Cookies de sess\u00e3o:<\/b>\u00a0s\u00e3o cookies tempor\u00e1rios que permanecem no ficheiro de cookies do seu navegador at\u00e9 sair do site, pelo que nenhum deles \u00e9 gravado no disco r\u00edgido do utilizador. As informa\u00e7\u00f5es obtidas atrav\u00e9s destes cookies s\u00e3o utilizadas para analisar os padr\u00f5es de tr\u00e1fego na Web. Em \u00faltima an\u00e1lise, isto permite-nos proporcionar uma melhor experi\u00eancia, melhorando o conte\u00fado e facilitando a sua utiliza\u00e7\u00e3o.<\/p>\n<p><b>_ Cookies permanentes:\u00a0<\/b>s\u00e3o armazenados no seu disco r\u00edgido e s\u00e3o lidos pelo nosso site sempre que o visita novamente. Estes cookies t\u00eam uma data de validade espec\u00edfica, ap\u00f3s a qual deixam de funcionar.<\/p>\n<p>A seguir, apresentamos uma lista dos principais cookies utilizados no nosso site, nomeadamente:<\/p>\n<p><b>_ Cookies estritamente necess\u00e1rios,\u00a0<\/b>como, por exemplo, os que servem para uma navega\u00e7\u00e3o correta ou os que permitem a execu\u00e7\u00e3o de servi\u00e7os solicitados pelo utilizador ou os que servem para garantir que o conte\u00fado do site \u00e9 carregado de forma eficaz.<\/p>\n<p><b>_ Cookies de terceiros,\u00a0<\/b>como os que s\u00e3o utilizados pelas redes sociais ou por complementos externos de conte\u00fado.<\/p>\n<p><b>_ Cookies anal\u00edticos,\u00a0<\/b>que compilam dados estat\u00edsticos de atividade para efeitos de manuten\u00e7\u00e3o peri\u00f3dica e com o objetivo de garantir o melhor servi\u00e7o poss\u00edvel ao utilizador.<\/p>\n<p><strong>LISTA E DESCRI\u00c7\u00c3O DOS COOKIES QUE UTILIZAMOS NO SITE:<\/strong><\/p>\n<p>A seguinte tabela resume os cookies que utilizamos no nosso site:<\/p>\n<table>\n<tbody>\n<tr>\n<td><b>Cookie<\/b><\/td>\n<td><b>Nome<\/b><\/td>\n<td><b>Finalidade \/ Mais informa\u00e7\u00f5es<\/b><\/td>\n<td><b>Validade<\/b><\/td>\n<\/tr>\n<tr>\n<td>Google Analytics<\/td>\n<td>_utma<\/td>\n<td>A <strong>Ecoherbes<\/strong>\u00a0apoia a utiliza\u00e7\u00e3o do Google Analytics no site para<br \/>\npoder acompanhar a atividade realizada no mesmo.<\/td>\n<td>2 anos<\/td>\n<\/tr>\n<tr>\n<td><\/td>\n<td>_utmb<\/td>\n<td>Os cookies do Google Analytics recolhem informa\u00e7\u00f5es de registo padr\u00e3o e dados sobre os h\u00e1bitos dos visitantes de forma an\u00f3nima.<\/td>\n<td>30\u00a0minutos<\/td>\n<\/tr>\n<tr>\n<td><\/td>\n<td>_utmc<\/td>\n<td>Mais informa\u00e7\u00f5es:\u00a0<a href=\"https:\/\/developers.google.com\/analytics\/resources\/concepts\/gaConceptsCookies\"><b>developers.google.com\/analytics\/resources\/<\/b><b><br \/>\n<\/b><b>concepts\/gaConceptsCookies<\/b><\/a>\u00a0(em ingl\u00eas).<\/td>\n<td>Sess\u00e3o<\/td>\n<\/tr>\n<tr>\n<td><\/td>\n<td>_utmz<\/td>\n<td>Mais informa\u00e7\u00f5es:\u00a0<a href=\"https:\/\/developers.google.com\/analytics\/resources\/concepts\/gaConceptsCookies\"><b>developers.google.com\/analytics\/resources\/<\/b><b><br \/>\n<\/b><b>concepts\/gaConceptsCookies<\/b><\/a>\u00a0(em ingl\u00eas).<\/td>\n<td>6 meses<\/td>\n<\/tr>\n<tr>\n<td><\/td>\n<td>_utmv<\/td>\n<td><\/td>\n<td>2 anos<\/td>\n<\/tr>\n<tr>\n<td><\/td>\n<td>_utmz<\/td>\n<td>Mais informa\u00e7\u00f5es:\u00a0<a href=\"https:\/\/developers.google.com\/analytics\/resources\/concepts\/gaConceptsCookies\"><b>developers.google.com\/analytics\/resources\/<\/b><b><br \/>\n<\/b><b>concepts\/gaConceptsCookies<\/b><\/a>\u00a0(em ingl\u00eas).<\/td>\n<td><\/td>\n<\/tr>\n<tr>\n<td>Cookies google.com<\/td>\n<td>PREF<\/td>\n<td>A utiliza\u00e7\u00e3o de servi\u00e7os baseados na localiza\u00e7\u00e3o, como o Google Maps, implica a instala\u00e7\u00e3o destes cookies<\/td>\n<td>2 anos<\/td>\n<\/tr>\n<tr>\n<td><\/td>\n<td>APISID<\/td>\n<td>S\u00e3o utilizados para recordar as prefer\u00eancias do utilizador durante a navega\u00e7\u00e3o.<\/td>\n<td>2 anos<\/td>\n<\/tr>\n<tr>\n<td><\/td>\n<td>NID<\/td>\n<td>Para tornar a publicidade mais apelativa<\/td>\n<td>6 meses<\/td>\n<\/tr>\n<tr>\n<td><\/td>\n<td>HSID, SID<\/td>\n<td>E para fornecer mecanismos de seguran\u00e7a destinados a impedir o acesso n\u00e3o autorizado aos dados de acesso dos utilizadores ou \u00e0s informa\u00e7\u00f5es fornecidas pelos utilizadores em formul\u00e1rios de contacto, por exemplo<\/td>\n<td>2 anos<\/td>\n<\/tr>\n<\/tbody>\n<\/table>\n<p><strong>Garantias complementares \u2013 Gest\u00e3o de cookies:<\/strong><\/p>\n<p>Como garantia complementar \u00e0s acima descritas, o registo de cookies pode estar sujeito \u00e0 sua aceita\u00e7\u00e3o durante a instala\u00e7\u00e3o ou atualiza\u00e7\u00e3o do navegador utilizado. Esta aceita\u00e7\u00e3o pode ser revogada em qualquer altura utilizando as defini\u00e7\u00f5es de conte\u00fado e privacidade dispon\u00edveis.<\/p>\n<p>Muitos navegadores permitem ativar um modo privado em que os cookies s\u00e3o sempre eliminados ap\u00f3s a sua visita. Dependendo do navegador, este modo privado pode ter nomes diferentes. Abaixo encontra uma lista dos navegadores mais comuns e os diferentes nomes para este \u00abmodo privado\u00bb:<\/p>\n<p><b>Internet Explorer 8 e<\/b>\u00a0superior; InPrivate\u00a0<b>Safari 2 e<\/b>\u00a0superior; Navega\u00e7\u00e3o Privada<\/p>\n<p><b>Opera 10.5 e<\/b>\u00a0superior; Navega\u00e7\u00e3o Privada\u00a0<b>FireFox 3.5 e<\/b>\u00a0superior; Navega\u00e7\u00e3o Privada\u00a0<b>Google Chrome 10\u00a0<\/b>e superior; Inc\u00f3gnito<\/p>\n<p><b>Importante:\u00a0<\/b>Leia atentamente a sec\u00e7\u00e3o de ajuda do seu navegador para saber mais sobre como ativar o \u00abmodo privado\u00bb. Poder\u00e1 continuar a visitar o nosso site apesar de ter este \u00abmodo privado\u00bb ativado,<b>\u00a0embora a navega\u00e7\u00e3o possa n\u00e3o ser a melhor e algumas funcionalidades possam n\u00e3o funcionar corretamente.<\/b><\/p>\n<\/div><div class=\"fusion-clearfix\"><\/div><\/div><\/div><\/div><\/div>\n","protected":false},"excerpt":{"rendered":"","protected":false},"author":1,"featured_media":0,"parent":0,"menu_order":0,"comment_status":"closed","ping_status":"closed","template":"","meta":{"_acf_changed":false,"footnotes":""},"class_list":["post-4010","page","type-page","status-publish","hentry"],"acf":[],"yoast_head":"<!-- This site is optimized with the Yoast SEO plugin v25.2 - https:\/\/yoast.com\/wordpress\/plugins\/seo\/ -->\n<title>Pol\u00edtica de Cookies - R\u00fastics La Coma<\/title>\n<meta name=\"robots\" content=\"index, follow, max-snippet:-1, max-image-preview:large, max-video-preview:-1\" \/>\n<link rel=\"canonical\" href=\"https:\/\/rusticslacoma.com\/pt-pt\/politica-cookies\/\" \/>\n<meta property=\"og:locale\" content=\"pt_PT\" \/>\n<meta property=\"og:type\" content=\"article\" \/>\n<meta property=\"og:title\" content=\"Pol\u00edtica de Cookies - R\u00fastics La Coma\" \/>\n<meta property=\"og:url\" content=\"https:\/\/rusticslacoma.com\/pt-pt\/politica-cookies\/\" \/>\n<meta property=\"og:site_name\" content=\"R\u00fastics La Coma\" \/>\n<meta property=\"article:modified_time\" content=\"2025-06-25T09:40:25+00:00\" \/>\n<meta name=\"twitter:card\" content=\"summary_large_image\" \/>\n<meta name=\"twitter:label1\" content=\"Est. reading time\" \/>\n\t<meta name=\"twitter:data1\" content=\"6 minutes\" \/>\n<script type=\"application\/ld+json\" class=\"yoast-schema-graph\">{\"@context\":\"https:\/\/schema.org\",\"@graph\":[{\"@type\":\"WebPage\",\"@id\":\"https:\/\/rusticslacoma.com\/pt-pt\/politica-cookies\/\",\"url\":\"https:\/\/rusticslacoma.com\/pt-pt\/politica-cookies\/\",\"name\":\"Pol\u00edtica de Cookies - R\u00fastics La Coma\",\"isPartOf\":{\"@id\":\"https:\/\/rusticslacoma.com\/pt-pt\/#website\"},\"datePublished\":\"2025-06-25T09:28:18+00:00\",\"dateModified\":\"2025-06-25T09:40:25+00:00\",\"breadcrumb\":{\"@id\":\"https:\/\/rusticslacoma.com\/pt-pt\/politica-cookies\/#breadcrumb\"},\"inLanguage\":\"pt\",\"potentialAction\":[{\"@type\":\"ReadAction\",\"target\":[\"https:\/\/rusticslacoma.com\/pt-pt\/politica-cookies\/\"]}]},{\"@type\":\"BreadcrumbList\",\"@id\":\"https:\/\/rusticslacoma.com\/pt-pt\/politica-cookies\/#breadcrumb\",\"itemListElement\":[{\"@type\":\"ListItem\",\"position\":1,\"name\":\"Inici\",\"item\":\"https:\/\/rusticslacoma.com\/pt-pt\/inicio\/\"},{\"@type\":\"ListItem\",\"position\":2,\"name\":\"Pol\u00edtica de Cookies\"}]},{\"@type\":\"WebSite\",\"@id\":\"https:\/\/rusticslacoma.com\/pt-pt\/#website\",\"url\":\"https:\/\/rusticslacoma.com\/pt-pt\/\",\"name\":\"R\u00fastics La Coma\",\"description\":\"Ladrillos y baldosas r\u00fasticas\",\"publisher\":{\"@id\":\"https:\/\/rusticslacoma.com\/pt-pt\/#organization\"},\"potentialAction\":[{\"@type\":\"SearchAction\",\"target\":{\"@type\":\"EntryPoint\",\"urlTemplate\":\"https:\/\/rusticslacoma.com\/pt-pt\/?s={search_term_string}\"},\"query-input\":{\"@type\":\"PropertyValueSpecification\",\"valueRequired\":true,\"valueName\":\"search_term_string\"}}],\"inLanguage\":\"pt\"},{\"@type\":\"Organization\",\"@id\":\"https:\/\/rusticslacoma.com\/pt-pt\/#organization\",\"name\":\"R\u00fastics la Coma\",\"url\":\"https:\/\/rusticslacoma.com\/pt-pt\/\",\"logo\":{\"@type\":\"ImageObject\",\"inLanguage\":\"pt\",\"@id\":\"https:\/\/rusticslacoma.com\/pt-pt\/#\/schema\/logo\/image\/\",\"url\":\"https:\/\/rusticslacoma.com\/wp-content\/uploads\/2020\/04\/logo-rustics-400.png\",\"contentUrl\":\"https:\/\/rusticslacoma.com\/wp-content\/uploads\/2020\/04\/logo-rustics-400.png\",\"width\":400,\"height\":207,\"caption\":\"R\u00fastics la Coma\"},\"image\":{\"@id\":\"https:\/\/rusticslacoma.com\/pt-pt\/#\/schema\/logo\/image\/\"}}]}<\/script>\n<!-- \/ Yoast SEO plugin. -->","yoast_head_json":{"title":"Pol\u00edtica de Cookies - R\u00fastics La Coma","robots":{"index":"index","follow":"follow","max-snippet":"max-snippet:-1","max-image-preview":"max-image-preview:large","max-video-preview":"max-video-preview:-1"},"canonical":"https:\/\/rusticslacoma.com\/pt-pt\/politica-cookies\/","og_locale":"pt_PT","og_type":"article","og_title":"Pol\u00edtica de Cookies - R\u00fastics La Coma","og_url":"https:\/\/rusticslacoma.com\/pt-pt\/politica-cookies\/","og_site_name":"R\u00fastics La Coma","article_modified_time":"2025-06-25T09:40:25+00:00","twitter_card":"summary_large_image","twitter_misc":{"Est. reading time":"6 minutes"},"schema":{"@context":"https:\/\/schema.org","@graph":[{"@type":"WebPage","@id":"https:\/\/rusticslacoma.com\/pt-pt\/politica-cookies\/","url":"https:\/\/rusticslacoma.com\/pt-pt\/politica-cookies\/","name":"Pol\u00edtica de Cookies - R\u00fastics La Coma","isPartOf":{"@id":"https:\/\/rusticslacoma.com\/pt-pt\/#website"},"datePublished":"2025-06-25T09:28:18+00:00","dateModified":"2025-06-25T09:40:25+00:00","breadcrumb":{"@id":"https:\/\/rusticslacoma.com\/pt-pt\/politica-cookies\/#breadcrumb"},"inLanguage":"pt","potentialAction":[{"@type":"ReadAction","target":["https:\/\/rusticslacoma.com\/pt-pt\/politica-cookies\/"]}]},{"@type":"BreadcrumbList","@id":"https:\/\/rusticslacoma.com\/pt-pt\/politica-cookies\/#breadcrumb","itemListElement":[{"@type":"ListItem","position":1,"name":"Inici","item":"https:\/\/rusticslacoma.com\/pt-pt\/inicio\/"},{"@type":"ListItem","position":2,"name":"Pol\u00edtica de Cookies"}]},{"@type":"WebSite","@id":"https:\/\/rusticslacoma.com\/pt-pt\/#website","url":"https:\/\/rusticslacoma.com\/pt-pt\/","name":"R\u00fastics La Coma","description":"Ladrillos y baldosas r\u00fasticas","publisher":{"@id":"https:\/\/rusticslacoma.com\/pt-pt\/#organization"},"potentialAction":[{"@type":"SearchAction","target":{"@type":"EntryPoint","urlTemplate":"https:\/\/rusticslacoma.com\/pt-pt\/?s={search_term_string}"},"query-input":{"@type":"PropertyValueSpecification","valueRequired":true,"valueName":"search_term_string"}}],"inLanguage":"pt"},{"@type":"Organization","@id":"https:\/\/rusticslacoma.com\/pt-pt\/#organization","name":"R\u00fastics la Coma","url":"https:\/\/rusticslacoma.com\/pt-pt\/","logo":{"@type":"ImageObject","inLanguage":"pt","@id":"https:\/\/rusticslacoma.com\/pt-pt\/#\/schema\/logo\/image\/","url":"https:\/\/rusticslacoma.com\/wp-content\/uploads\/2020\/04\/logo-rustics-400.png","contentUrl":"https:\/\/rusticslacoma.com\/wp-content\/uploads\/2020\/04\/logo-rustics-400.png","width":400,"height":207,"caption":"R\u00fastics la Coma"},"image":{"@id":"https:\/\/rusticslacoma.com\/pt-pt\/#\/schema\/logo\/image\/"}}]}},"_links":{"self":[{"href":"https:\/\/rusticslacoma.com\/pt-pt\/wp-json\/wp\/v2\/pages\/4010","targetHints":{"allow":["GET"]}}],"collection":[{"href":"https:\/\/rusticslacoma.com\/pt-pt\/wp-json\/wp\/v2\/pages"}],"about":[{"href":"https:\/\/rusticslacoma.com\/pt-pt\/wp-json\/wp\/v2\/types\/page"}],"author":[{"embeddable":true,"href":"https:\/\/rusticslacoma.com\/pt-pt\/wp-json\/wp\/v2\/users\/1"}],"replies":[{"embeddable":true,"href":"https:\/\/rusticslacoma.com\/pt-pt\/wp-json\/wp\/v2\/comments?post=4010"}],"version-history":[{"count":1,"href":"https:\/\/rusticslacoma.com\/pt-pt\/wp-json\/wp\/v2\/pages\/4010\/revisions"}],"predecessor-version":[{"id":4013,"href":"https:\/\/rusticslacoma.com\/pt-pt\/wp-json\/wp\/v2\/pages\/4010\/revisions\/4013"}],"wp:attachment":[{"href":"https:\/\/rusticslacoma.com\/pt-pt\/wp-json\/wp\/v2\/media?parent=4010"}],"curies":[{"name":"wp","href":"https:\/\/api.w.org\/{rel}","templated":true}]}}