{"id":2702,"date":"2020-06-30T06:40:02","date_gmt":"2020-06-30T04:40:02","guid":{"rendered":"https:\/\/rusticslacoma.com\/?page_id=2702"},"modified":"2020-06-30T07:38:46","modified_gmt":"2020-06-30T05:38:46","slug":"politica-privacitat","status":"publish","type":"page","link":"https:\/\/rusticslacoma.com\/ca\/politica-privacitat\/","title":{"rendered":"Pol\u00edtica de Privacitat"},"content":{"rendered":"<div class=\"fusion-fullwidth fullwidth-box fusion-builder-row-1 nonhundred-percent-fullwidth non-hundred-percent-height-scrolling\" style=\"--awb-border-radius-top-left:0px;--awb-border-radius-top-right:0px;--awb-border-radius-bottom-right:0px;--awb-border-radius-bottom-left:0px;--awb-padding-right:5%;--awb-padding-left:5%;--awb-flex-wrap:wrap;\" ><div class=\"fusion-builder-row fusion-row\"><div class=\"fusion-layout-column fusion_builder_column fusion-builder-column-0 fusion_builder_column_1_1 1_1 fusion-one-full fusion-column-first fusion-column-last\" style=\"--awb-bg-size:cover;--awb-margin-top:0px;--awb-margin-bottom:0px;\"><div class=\"fusion-column-wrapper fusion-flex-column-wrapper-legacy\"><div class=\"fusion-title title fusion-title-1 fusion-sep-none fusion-title-text fusion-title-size-one\"><h1 class=\"fusion-title-heading title-heading-left fusion-responsive-typography-calculated\" style=\"margin:0;--fontSize:48;line-height:1.2;\">Pol\u00edtica de Privacitat<\/h1><\/div><div class=\"fusion-text fusion-text-1\"><h2 data-fontsize=\"32\" data-lineheight=\"41\">1. Informaci\u00f3 de l\u2019empresa:<\/h2>\n<p><strong>CER\u00c0MICA LA COMA, S.A.<\/strong><br \/>\n<strong>Domicili Social:<\/strong>\u00a0Calle Pedro i Pons, 18, 4\u00ba-2\u00aa, 08034 de Barcelona<br \/>\n<strong>F\u00e0brica<\/strong>: Ctra. de Men\u00e1rguens, S\/N \u2013 25600 de Balaguer (Lleida)<br \/>\nRegistre Mercantil de Barcelona, Tom 5221, Llibre 4529, Secci\u00f3 2\u00aa, Foli 158, Full n\u00ba54.430, Inscripci\u00f3 1\u00aa \u2013 C.I.F. A-08789679<br \/>\n<a href=\"mailto:info@lacoma.com\">info@lacoma.com<\/a><\/p>\n<h2 data-fontsize=\"32\" data-lineheight=\"41\">2. Pol\u00edtica de privacitat i seguretat:<\/h2>\n<p>CER\u00c0MICA LA COMA, S.A. garanteix la confidencialitat de les seves dades personals en els termes establerts per:<\/p>\n<ul>\n<li>El\u00a0<strong>RGPD<\/strong>\u00a0(Reglament (UE) 2016\/679 del Parlament Europeu i del Consell de 27 d\u2019abril de 2016 relatiu a la protecci\u00f3 de les persones f\u00edsiques) que \u00e9s la nova normativa de la Uni\u00f3 Europea que unifica la regulaci\u00f3 del tractament de les dades personals en els diferents pa\u00efsos de la UE.<\/li>\n<li>La\u00a0<strong>LOPD<\/strong>\u00a0(Llei Org\u00e0nica 15\/1999, de 13 de desembre, de protecci\u00f3 de dades de car\u00e0cter personal i Reial Decret 1720\/2007, de 21 de desembre, el Reglament de desenvolupament de la LOPD) que regula el tractament de les dades personals i les obligacions que hem d\u2019assumir els responsables del tractament a l\u2019hora de gestionar aquesta informaci\u00f3.<\/li>\n<\/ul>\n<p>Recopilem les seves dades cada vegada que vost\u00e8 contacta directament amb nosaltres, a trav\u00e9s de la present web, o mitjan\u00e7ant les l\u00ednies d\u2019atenci\u00f3 telef\u00f2nica i\/o correu electr\u00f2nic disponibles per als clients, per demanar informaci\u00f3 sobre els nostres productes i serveis. Quan vost\u00e8 ens demana un pressupost sobre un producte o servei ofert per nosaltres. Quan vost\u00e8 compra o contracta directament amb nosaltres un producte o servei. En casos puntuals, quan amb la seva autoritzaci\u00f3, terceres empreses ens comuniquen les seves dades personals.<\/p>\n<p>CER\u00c0MICA LA COMA, SA utilitza, emmagatzema i tracta les dades personals que ens proporciona amb les finalitats d\u2019atenci\u00f3 al client, promocions i publicitat: per respondre a les seves consultes i presentar-li ofertes i novetats sobre els nostres productes, vendes de productes i\/o serveis: per a la correcta gesti\u00f3 de seva adquisici\u00f3. Les dades recollides s\u00f3n necess\u00e0ries per poder gestionar de forma adequada la relaci\u00f3 entre les parts.<\/p>\n<p>CER\u00c0MICA LA COMA, SA no cedir\u00e0 en cap cas les seves dades de car\u00e0cter personal a tercers, excepte les cessions previstes per la legislaci\u00f3 aplicable. En un altre cas, se li informar\u00e0 pr\u00e8viament per tal que autoritzi la cessi\u00f3.<\/p>\n<p>Pot exercir els drets d\u2019acc\u00e9s, rectificaci\u00f3, limitaci\u00f3 d\u2019\u00fas, cancel\u00b7laci\u00f3 i oposici\u00f3 al tractament de les seves dades personals, conforme al procediment legalment establert, indicant-ho per escrit a l\u2019empresa CER\u00c0MICA LA COMA, SA, amb domicili en Ctra. De Men\u00e0rguens, S\/N \u2013 25600 de Balaguer (Lleida) o b\u00e9, per correu electr\u00f2nic\u00a0<a href=\"mailto:info@lacoma.com\">info@lacoma.com<\/a><\/p>\n<h2 data-fontsize=\"32\" data-lineheight=\"41\">3. Condicions d\u2019utilitzaci\u00f3. CER\u00c0MICA LA COMA, SA no es fa responsable de:<\/h2>\n<p>3.1. Fer un \u00fas amb fins o connotacions il\u00b7l\u00edcites, de conformitat amb la legislaci\u00f3 aplicable en cada moment; un \u00fas no autoritzat o fraudulent del lloc web o dels seus continguts; un \u00fas prohibit a les presents condicions; aix\u00ed com qualsevol utilitzaci\u00f3 que resulti lesiva per als leg\u00edtims drets i interessos de tercers.<\/p>\n<p>3.2. Provocar danys en els sistemes f\u00edsics o l\u00f2gics de CER\u00c0MICA LA COMA, SA, del seu lloc web, dels seus prove\u00efdors o de tercers, o qualsevol pr\u00e0ctica que pugui danyar, inutilitzar, sobrecarregar, deteriorar o impedir el normal funcionament dels documents, arxius i tota classe de continguts emmagatzemats en qualsevol equip inform\u00e0tic. Especialment, es prohibeix expressament introduir o difondre a la xarxa virus inform\u00e0tics o qualssevol altres sistemes f\u00edsics o l\u00f2gics que siguin susceptibles de provocar danys.<\/p>\n<p>3.3. Intentar accedir als recursos o \u00e0rees restringides de la p\u00e0gina web, sense complir els requisits d\u2019acc\u00e9s, i utilitzar, reproduir, copiar, distribuir, permetre l\u2019acc\u00e9s del p\u00fablic o manipular les dades de CER\u00c0MICA LA COMA, SA, tercers prove\u00efdors i altres usuaris , a trav\u00e9s de qualsevol modalitat.<\/p>\n<p>3.4. En particular, ia t\u00edtol merament indicatiu i no exhaustiu, l\u2019usuari es compromet a no transmetre, difondre o posar a disposici\u00f3 de tercers, informacions, dades, continguts, missatges, gr\u00e0fics, dibuixos, arxius de so o imatge, fotografies, enregistraments, programari i, en general, qualsevol classe de material que:<\/p>\n<p>3.4.1 De qualsevol forma sigui contrari, menyspre\u00ef o atempti contra els drets fonamentals i les llibertats p\u00fabliques reconeguts constitucionalment, en els tractats internacionals i en la resta de la legislaci\u00f3.<\/p>\n<p>3.4.2 Indueixi, inciti, incorpori, posi a disposici\u00f3 o permeti accedir a productes o promogui actuacions delictives, denigrants, difamat\u00f2ries, infamants, violentes, perilloses, de risc o nocives per a la salut i l\u2019equilibri ps\u00edquic.<\/p>\n<p>3.4.3 Indueixi, inciti o promogui actuacions, actituds o pensaments discriminatoris per ra\u00f3 de sexe, ra\u00e7a, religi\u00f3, creences, edat o condici\u00f3.<\/p>\n<p>3.4.4 Constitueixi qualsevol tipus de publicitat o anunci de tercers aliens a CER\u00c0MICA LA COMA, SA<\/p>\n<h2 data-fontsize=\"32\" data-lineheight=\"41\">4. Drets d\u2019autor, propietat intel\u00b7lectual i industrial.<\/h2>\n<p>S\u00f3n de propietat de CER\u00c0MICA LA COMA, SA, tots els continguts de www.lacoma.com que suposin: el seu disseny gr\u00e0fic, els seus logotips, les imatges, els textos i altres elements continguts en la mateixa. Igualment, l\u2019usuari reconeix i accepta que totes les marques, noms comercials o signes distintius, i tots els drets de propietat industrial i intel\u00b7lectual inherents als mateixos, sobre els continguts i \/ o qualsevol altre element inserit en la p\u00e0gina, s\u00f3n propietat exclusiva de CER\u00c0MICA LA COMA, SA i \/ o de tercers, que tenen el dret exclusiu d\u2019utilitzar-los en el tr\u00e0fic econ\u00f2mic. Sota cap sup\u00f2sit, l\u2019acc\u00e9s als continguts de la p\u00e0gina web suposa la ren\u00fancia, transmissi\u00f3, cessi\u00f3, llic\u00e8ncia total o parcial d\u2019aquests drets, ni confereix cap dret d\u2019utilitzaci\u00f3, traducci\u00f3, adaptaci\u00f3, alteraci\u00f3, explotaci\u00f3, reproducci\u00f3, distribuci\u00f3 o comunicaci\u00f3 p\u00fablica d\u2019aquests continguts, sense la pr\u00e8via i expressa autoritzaci\u00f3 de CER\u00c0MICA lA COMA, SA o els seus titulars legals. Cap material dels que es presenten en la p\u00e0gina web de CER\u00c0MICA LA COMA, SA podr\u00e0 ser copiat, reprodu\u00eft, publicat, carregat en equips inform\u00e0tics, enviat per correu, transm\u00e8s o distribu\u00eft de cap manera, especialment mitjan\u00e7ant publicaci\u00f3 en altres p\u00e0gines web o en entorns de xarxa, diferent de la desc\u00e0rrega en el seu ordinador personal per al seu \u00fas, respectant rigorosament tots els copyright i avisos de propietat.<\/p>\n<h2 data-fontsize=\"32\" data-lineheight=\"41\">5. Limitaci\u00f3 de responsabilitats.<\/h2>\n<p>CER\u00c0MICA LA COMA, SA no garanteix l\u2019abs\u00e8ncia de virus o elements similars en els documents electr\u00f2nics i fitxers emmagatzemats en el seu sistema inform\u00e0tic ia la seva p\u00e0gina web, que poguessin produir alteracions de programari i maquinari per a l\u2019usuari. La utilitzaci\u00f3 de la nostra p\u00e0gina web i dels seus continguts suposa l\u2019acceptaci\u00f3 per part de l\u2019usuari dels anteriors riscos i, per aix\u00f2, aquest exclou CER\u00c0MICA LA COMA, SA de qualsevol responsabilitat pels danys i perjudicis de tota naturalesa derivats de l\u2019eventual pres\u00e8ncia de virus o altres elements an\u00e0legs. CER\u00c0MICA LA COMA, SA intentar\u00e0 amb tots els mitjans al seu abast garantir la seguretat de la informaci\u00f3 facilitada pels usuaris. No obstant aix\u00f2, com \u00e9s comunament conegut, la seguretat en l\u2019entorn d\u2019Internet no pot ser garantida en la seva totalitat, en cap moment.<\/p>\n<h2 data-fontsize=\"32\" data-lineheight=\"41\">6. Pol\u00edtica d\u2019enlla\u00e7os.<\/h2>\n<p>El nostre lloc web pot contenir enlla\u00e7os a altres p\u00e0gines web, en qu\u00e8 les pr\u00e0ctiques d\u2019informaci\u00f3 i condicions d\u2019\u00fas poden ser diferents de les nostres. Per aix\u00f2, els usuaris han de consultar les notificacions de privacitat de les altres p\u00e0gines a les que accedeixen, ja que CER\u00c0MICA LA COMA, SA no coneix, controla, vigila o fa propis els continguts de les mateixes i, per tant, no es fa responsable de la informaci\u00f3 subministrada o recollida per aquests tercers, excloent expressament qualsevol responsabilitat pels danys i perjudicis de tota classe que poguessin derivar de l\u2019acc\u00e9s a les p\u00e0gines o continguts que enllacin directament des www.lacoma.com Per tot aix\u00f2, CER\u00c0MICA LA COMA, SA declina qualsevol responsabilitat respecte a la informaci\u00f3 que s\u2019inclogui fora d\u2019aquest lloc web i no estigui gestionada per www.lacoma.com<\/p>\n<h2 data-fontsize=\"32\" data-lineheight=\"41\">7. Jurisdicci\u00f3 i lleis aplicables.<\/h2>\n<p>Les presents condicions generals d\u2019\u00fas es regeixen per les lleis espanyoles. Qualsevol controv\u00e8rsia en relaci\u00f3 amb aquest lloc web es substanciar\u00e0 davant la jurisdicci\u00f3 espanyola.<\/p>\n<\/div><div class=\"fusion-clearfix\"><\/div><\/div><\/div><\/div><\/div>\n","protected":false},"excerpt":{"rendered":"","protected":false},"author":1,"featured_media":0,"parent":0,"menu_order":0,"comment_status":"closed","ping_status":"closed","template":"","meta":{"_acf_changed":false,"footnotes":""},"class_list":["post-2702","page","type-page","status-publish","hentry"],"acf":[],"yoast_head":"<!-- This site is optimized with the Yoast SEO plugin v25.2 - https:\/\/yoast.com\/wordpress\/plugins\/seo\/ -->\n<title>Pol\u00edtica de Privacitat - R\u00fastics La Coma<\/title>\n<meta name=\"description\" content=\"CER\u00c1MICA LA COMA, SA garantiza la confidencialidad de sus datos personales a las termitas establecidos por: El RGPD (Reglamento (UE) 2016\/679 del...\" \/>\n<meta name=\"robots\" content=\"index, follow, max-snippet:-1, max-image-preview:large, max-video-preview:-1\" \/>\n<link rel=\"canonical\" href=\"https:\/\/rusticslacoma.com\/ca\/politica-privacitat\/\" \/>\n<meta property=\"og:locale\" content=\"ca_ES\" \/>\n<meta property=\"og:type\" content=\"article\" \/>\n<meta property=\"og:title\" content=\"Pol\u00edtica de Privacitat - R\u00fastics La Coma\" \/>\n<meta property=\"og:description\" content=\"CER\u00c1MICA LA COMA, SA garantiza la confidencialidad de sus datos personales a las termitas establecidos por: El RGPD (Reglamento (UE) 2016\/679 del...\" \/>\n<meta property=\"og:url\" content=\"https:\/\/rusticslacoma.com\/ca\/politica-privacitat\/\" \/>\n<meta property=\"og:site_name\" content=\"R\u00fastics La Coma\" \/>\n<meta property=\"article:modified_time\" content=\"2020-06-30T05:38:46+00:00\" \/>\n<meta name=\"twitter:card\" content=\"summary_large_image\" \/>\n<meta name=\"twitter:label1\" content=\"Temps estimat de lectura\" \/>\n\t<meta name=\"twitter:data1\" content=\"9 minuts\" \/>\n<script type=\"application\/ld+json\" class=\"yoast-schema-graph\">{\"@context\":\"https:\/\/schema.org\",\"@graph\":[{\"@type\":\"WebPage\",\"@id\":\"https:\/\/rusticslacoma.com\/ca\/politica-privacitat\/\",\"url\":\"https:\/\/rusticslacoma.com\/ca\/politica-privacitat\/\",\"name\":\"Pol\u00edtica de Privacitat - R\u00fastics La Coma\",\"isPartOf\":{\"@id\":\"https:\/\/rusticslacoma.com\/ca\/#website\"},\"datePublished\":\"2020-06-30T04:40:02+00:00\",\"dateModified\":\"2020-06-30T05:38:46+00:00\",\"description\":\"CER\u00c1MICA LA COMA, SA garantiza la confidencialidad de sus datos personales a las termitas establecidos por: El RGPD (Reglamento (UE) 2016\/679 del...\",\"breadcrumb\":{\"@id\":\"https:\/\/rusticslacoma.com\/ca\/politica-privacitat\/#breadcrumb\"},\"inLanguage\":\"ca\",\"potentialAction\":[{\"@type\":\"ReadAction\",\"target\":[\"https:\/\/rusticslacoma.com\/ca\/politica-privacitat\/\"]}]},{\"@type\":\"BreadcrumbList\",\"@id\":\"https:\/\/rusticslacoma.com\/ca\/politica-privacitat\/#breadcrumb\",\"itemListElement\":[{\"@type\":\"ListItem\",\"position\":1,\"name\":\"Inici\",\"item\":\"https:\/\/rusticslacoma.com\/ca\/\"},{\"@type\":\"ListItem\",\"position\":2,\"name\":\"Pol\u00edtica de Privacitat\"}]},{\"@type\":\"WebSite\",\"@id\":\"https:\/\/rusticslacoma.com\/ca\/#website\",\"url\":\"https:\/\/rusticslacoma.com\/ca\/\",\"name\":\"R\u00fastics La Coma\",\"description\":\"Ladrillos y baldosas r\u00fasticas\",\"publisher\":{\"@id\":\"https:\/\/rusticslacoma.com\/ca\/#organization\"},\"potentialAction\":[{\"@type\":\"SearchAction\",\"target\":{\"@type\":\"EntryPoint\",\"urlTemplate\":\"https:\/\/rusticslacoma.com\/ca\/?s={search_term_string}\"},\"query-input\":{\"@type\":\"PropertyValueSpecification\",\"valueRequired\":true,\"valueName\":\"search_term_string\"}}],\"inLanguage\":\"ca\"},{\"@type\":\"Organization\",\"@id\":\"https:\/\/rusticslacoma.com\/ca\/#organization\",\"name\":\"R\u00fastics la Coma\",\"url\":\"https:\/\/rusticslacoma.com\/ca\/\",\"logo\":{\"@type\":\"ImageObject\",\"inLanguage\":\"ca\",\"@id\":\"https:\/\/rusticslacoma.com\/ca\/#\/schema\/logo\/image\/\",\"url\":\"https:\/\/rusticslacoma.com\/wp-content\/uploads\/2020\/04\/logo-rustics-400.png\",\"contentUrl\":\"https:\/\/rusticslacoma.com\/wp-content\/uploads\/2020\/04\/logo-rustics-400.png\",\"width\":400,\"height\":207,\"caption\":\"R\u00fastics la Coma\"},\"image\":{\"@id\":\"https:\/\/rusticslacoma.com\/ca\/#\/schema\/logo\/image\/\"}}]}<\/script>\n<!-- \/ Yoast SEO plugin. -->","yoast_head_json":{"title":"Pol\u00edtica de Privacitat - R\u00fastics La Coma","description":"CER\u00c1MICA LA COMA, SA garantiza la confidencialidad de sus datos personales a las termitas establecidos por: El RGPD (Reglamento (UE) 2016\/679 del...","robots":{"index":"index","follow":"follow","max-snippet":"max-snippet:-1","max-image-preview":"max-image-preview:large","max-video-preview":"max-video-preview:-1"},"canonical":"https:\/\/rusticslacoma.com\/ca\/politica-privacitat\/","og_locale":"ca_ES","og_type":"article","og_title":"Pol\u00edtica de Privacitat - R\u00fastics La Coma","og_description":"CER\u00c1MICA LA COMA, SA garantiza la confidencialidad de sus datos personales a las termitas establecidos por: El RGPD (Reglamento (UE) 2016\/679 del...","og_url":"https:\/\/rusticslacoma.com\/ca\/politica-privacitat\/","og_site_name":"R\u00fastics La Coma","article_modified_time":"2020-06-30T05:38:46+00:00","twitter_card":"summary_large_image","twitter_misc":{"Temps estimat de lectura":"9 minuts"},"schema":{"@context":"https:\/\/schema.org","@graph":[{"@type":"WebPage","@id":"https:\/\/rusticslacoma.com\/ca\/politica-privacitat\/","url":"https:\/\/rusticslacoma.com\/ca\/politica-privacitat\/","name":"Pol\u00edtica de Privacitat - R\u00fastics La Coma","isPartOf":{"@id":"https:\/\/rusticslacoma.com\/ca\/#website"},"datePublished":"2020-06-30T04:40:02+00:00","dateModified":"2020-06-30T05:38:46+00:00","description":"CER\u00c1MICA LA COMA, SA garantiza la confidencialidad de sus datos personales a las termitas establecidos por: El RGPD (Reglamento (UE) 2016\/679 del...","breadcrumb":{"@id":"https:\/\/rusticslacoma.com\/ca\/politica-privacitat\/#breadcrumb"},"inLanguage":"ca","potentialAction":[{"@type":"ReadAction","target":["https:\/\/rusticslacoma.com\/ca\/politica-privacitat\/"]}]},{"@type":"BreadcrumbList","@id":"https:\/\/rusticslacoma.com\/ca\/politica-privacitat\/#breadcrumb","itemListElement":[{"@type":"ListItem","position":1,"name":"Inici","item":"https:\/\/rusticslacoma.com\/ca\/"},{"@type":"ListItem","position":2,"name":"Pol\u00edtica de Privacitat"}]},{"@type":"WebSite","@id":"https:\/\/rusticslacoma.com\/ca\/#website","url":"https:\/\/rusticslacoma.com\/ca\/","name":"R\u00fastics La Coma","description":"Ladrillos y baldosas r\u00fasticas","publisher":{"@id":"https:\/\/rusticslacoma.com\/ca\/#organization"},"potentialAction":[{"@type":"SearchAction","target":{"@type":"EntryPoint","urlTemplate":"https:\/\/rusticslacoma.com\/ca\/?s={search_term_string}"},"query-input":{"@type":"PropertyValueSpecification","valueRequired":true,"valueName":"search_term_string"}}],"inLanguage":"ca"},{"@type":"Organization","@id":"https:\/\/rusticslacoma.com\/ca\/#organization","name":"R\u00fastics la Coma","url":"https:\/\/rusticslacoma.com\/ca\/","logo":{"@type":"ImageObject","inLanguage":"ca","@id":"https:\/\/rusticslacoma.com\/ca\/#\/schema\/logo\/image\/","url":"https:\/\/rusticslacoma.com\/wp-content\/uploads\/2020\/04\/logo-rustics-400.png","contentUrl":"https:\/\/rusticslacoma.com\/wp-content\/uploads\/2020\/04\/logo-rustics-400.png","width":400,"height":207,"caption":"R\u00fastics la Coma"},"image":{"@id":"https:\/\/rusticslacoma.com\/ca\/#\/schema\/logo\/image\/"}}]}},"_links":{"self":[{"href":"https:\/\/rusticslacoma.com\/ca\/wp-json\/wp\/v2\/pages\/2702","targetHints":{"allow":["GET"]}}],"collection":[{"href":"https:\/\/rusticslacoma.com\/ca\/wp-json\/wp\/v2\/pages"}],"about":[{"href":"https:\/\/rusticslacoma.com\/ca\/wp-json\/wp\/v2\/types\/page"}],"author":[{"embeddable":true,"href":"https:\/\/rusticslacoma.com\/ca\/wp-json\/wp\/v2\/users\/1"}],"replies":[{"embeddable":true,"href":"https:\/\/rusticslacoma.com\/ca\/wp-json\/wp\/v2\/comments?post=2702"}],"version-history":[{"count":0,"href":"https:\/\/rusticslacoma.com\/ca\/wp-json\/wp\/v2\/pages\/2702\/revisions"}],"wp:attachment":[{"href":"https:\/\/rusticslacoma.com\/ca\/wp-json\/wp\/v2\/media?parent=2702"}],"curies":[{"name":"wp","href":"https:\/\/api.w.org\/{rel}","templated":true}]}}