{"id":2700,"date":"2020-06-30T06:41:27","date_gmt":"2020-06-30T04:41:27","guid":{"rendered":"https:\/\/rusticslacoma.com\/?page_id=2700"},"modified":"2020-06-30T07:37:41","modified_gmt":"2020-06-30T05:37:41","slug":"politica-cookies","status":"publish","type":"page","link":"https:\/\/rusticslacoma.com\/ca\/politica-cookies\/","title":{"rendered":"Pol\u00edtica de Cookies"},"content":{"rendered":"<div class=\"fusion-fullwidth fullwidth-box fusion-builder-row-1 nonhundred-percent-fullwidth non-hundred-percent-height-scrolling\" style=\"--awb-border-radius-top-left:0px;--awb-border-radius-top-right:0px;--awb-border-radius-bottom-right:0px;--awb-border-radius-bottom-left:0px;--awb-padding-right:5%;--awb-padding-left:5%;--awb-flex-wrap:wrap;\" ><div class=\"fusion-builder-row fusion-row\"><div class=\"fusion-layout-column fusion_builder_column fusion-builder-column-0 fusion_builder_column_1_1 1_1 fusion-one-full fusion-column-first fusion-column-last\" style=\"--awb-bg-size:cover;--awb-margin-top:0px;--awb-margin-bottom:0px;\"><div class=\"fusion-column-wrapper fusion-flex-column-wrapper-legacy\"><div class=\"fusion-title title fusion-title-1 fusion-sep-none fusion-title-text fusion-title-size-one\"><h1 class=\"fusion-title-heading title-heading-left fusion-responsive-typography-calculated\" style=\"margin:0;--fontSize:48;line-height:1.2;\">Pol\u00edtica de Cookies<\/h1><\/div><div class=\"fusion-text fusion-text-1\"><p>Una \u201cCookie\u201d \u00e9s un petit arxiu que s\u2019emmagatzema a l\u2019ordinador de l\u2019usuari i ens permet recon\u00e8ixer-lo. El conjunt de \u201ccookies\u201d ens ajuda a millorar la qualitat de la nostra web, permetent-nos controlar quines p\u00e0gines s\u00f3n \u00fatils per als nostres usuaris i quines no.<\/p>\n<p>Les cookies s\u00f3n essencials per al funcionament d\u2019internet, aportant innombrables avantatges en la prestaci\u00f3 de serveis interactius, facilitant la navegaci\u00f3 i operativitat del nostre lloc web. Recordeu que les galetes no poden fer malb\u00e9 el seu equip i que, a canvi, el fet que estiguin activades ens ajuda a identificar i resoldre els errors.<\/p>\n<p>La informaci\u00f3 que li proporcionem a continuaci\u00f3, l\u2019ajudar\u00e0 a comprendre els diferents tipus de galetes:<\/p>\n<p>_\u00a0<b>Cookies de sessi\u00f3:<\/b>\u00a0s\u00f3n cookies temporals que romanen a l\u2019arxiu de cookies del seu navegador fins al moment en que abandona el lloc web, de manera que cap d\u2019aquestes queda registrada en el disc dur de l\u2019usuari. La informaci\u00f3 obtinguda per mitj\u00e0 d\u2019aquestes galetes serveix per analitzar pautes de tr\u00e0nsit a la web. A la llarga, aquest fet ens permet proporcionar una millor experi\u00e8ncia per millorar el contingut i facilitant el seu \u00fas.<\/p>\n<p><b>_ Cookies permanents:\u00a0<\/b>s\u00f3n emmagatzemades al disc dur i la nostra web les llegeix cada vegada que vost\u00e8 torna a visitar-la. Aquestes galetes tenen una data d\u2019expiraci\u00f3 determinada despr\u00e9s de la qual deixen de funcionar.<\/p>\n<p>A continuaci\u00f3 publiquem una relaci\u00f3 de les principals cookies utilitzades al nostre web, distingint:<\/p>\n<p><b>_ Les galetes estrictament necess\u00e0ries,\u00a0<\/b>com per exemple, aquelles que serveixen per a una correcta navegaci\u00f3 o les que permeten realitzar serveis sol\u00b7licitats per l\u2019usuari o galetes que serveixen per garantir que el contingut del lloc web es carrega efica\u00e7ment.<\/p>\n<p><b>_Les galetes de tercers,\u00a0<\/b>com per exemple, les utilitzades per xarxes socials, o per complements externs de contingut.<\/p>\n<p><b>_ Les cookies anal\u00edtiques,<\/b>\u00a0compilen dades estad\u00edstiques de l\u2019activitat amb prop\u00f2sits de manteniment peri\u00f2dic i amb l\u2019objectiu de garantir el millor servei possible a l\u2019usuari.<\/p>\n<p><strong>RELACI\u00d3 I DESCRIPCI\u00d3 DE LES COOKIES QUE UTILITZEM EN EL LLOC WEB:<\/strong><\/p>\n<p>La taula que publiquem a continuaci\u00f3 recull, de forma esquematitzada, les galetes que utilitzem en el nostre lloc web:<\/p>\n<table>\n<tbody>\n<tr>\n<td><b>Cookie<\/b><\/td>\n<td><b>Nom<\/b><\/td>\n<td><b>Finalitat \/ M\u00e9s informaci\u00f3<\/b><\/td>\n<td><b>Caducitat<\/b><\/td>\n<\/tr>\n<tr>\n<td>Google Analytics<\/td>\n<td>_utma<\/td>\n<td><strong>La Coma<\/strong>\u00a0utilitza Google Analytics en el lloc web per fer el seguiment an\u00f2nim de l\u2019activitat.<\/td>\n<td>2 anys<\/td>\n<\/tr>\n<tr>\n<td><\/td>\n<td>_utmb<\/td>\n<td>Les cookies de Google Analytics recopilen informaci\u00f3 de registre est\u00e0ndard i dades sobre els h\u00e0bits dels visitants de forma an\u00f2nima.<\/td>\n<td>30 minuts<\/td>\n<\/tr>\n<tr>\n<td><\/td>\n<td>_utmc<\/td>\n<td>M\u00e9s informaci\u00f3:\u00a0<a href=\"https:\/\/developers.google.com\/analytics\/resources\/concepts\/gaConceptsCookies\"><b>developers.google.com\/analytics\/resources\/<\/b><b><br \/>\n<\/b><b>concepts\/gaConceptsCookies<\/b><\/a>\u00a0(en angl\u00e8s).<\/td>\n<td>Sessi\u00f3<\/td>\n<\/tr>\n<tr>\n<td><\/td>\n<td>_utmz<\/td>\n<td>M\u00e9s informaci\u00f3:\u00a0<a href=\"https:\/\/developers.google.com\/analytics\/resources\/concepts\/gaConceptsCookies\"><b>developers.google.com\/analytics\/resources\/<\/b><b><br \/>\n<\/b><b>concepts\/gaConceptsCookies<\/b><\/a>\u00a0(en angl\u00e8s).<\/td>\n<td>6 mesos<\/td>\n<\/tr>\n<tr>\n<td><\/td>\n<td>_utmv<\/td>\n<td><\/td>\n<td>2 anys<\/td>\n<\/tr>\n<tr>\n<td><\/td>\n<td>_utmz<\/td>\n<td>M\u00e1s informaci\u00f3n:\u00a0<a href=\"https:\/\/developers.google.com\/analytics\/resources\/concepts\/gaConceptsCookies\"><b>developers.google.com\/analytics\/resources\/<\/b><b><br \/>\n<\/b><b>concepts\/gaConceptsCookies<\/b><\/a>\u00a0(en ingl\u00e9s).<\/td>\n<td><\/td>\n<\/tr>\n<tr>\n<td>Cookies google.com<\/td>\n<td>PREF<\/td>\n<td>L\u2019\u00fas de serveis de localitzaci\u00f3 com Google Maps implica la instal\u00b7laci\u00f3 d\u2019aquestes cookies<\/td>\n<td>2 anys<\/td>\n<\/tr>\n<tr>\n<td><\/td>\n<td>APISID<\/td>\n<td>S\u2019utilitzen per recordar prefer\u00e8ncies de l\u2019usuari durant la seva navegaci\u00f3.<\/td>\n<td>2 anys<\/td>\n<\/tr>\n<tr>\n<td><\/td>\n<td>NID<\/td>\n<td>Per fer la publicitat m\u00e9s atractiva<\/td>\n<td>6 mesos<\/td>\n<\/tr>\n<tr>\n<td><\/td>\n<td>HSID, SID<\/td>\n<td>I per proveir de mecanismes de seguretat que evitin l\u2019acc\u00e9s no autoritzat a dades d\u2019acc\u00e9s d\u2019usuaris o la informaci\u00f3 que aquests faciliten en formularis de contacte, p.ex.<\/td>\n<td>2 a\u00f1os<\/td>\n<\/tr>\n<\/tbody>\n<\/table>\n<p><strong>Garanties complement\u00e0ries \u2013 Gesti\u00f3 de cookies:<\/strong><\/p>\n<p>Com a garantia complement\u00e0ria a les anteriorment descrites, el registre de les cookies podr\u00e0 estar subjecte a la seva acceptaci\u00f3 durant la instal\u00b7laci\u00f3 o posada al dia del navegador utilitzat. Aquesta acceptaci\u00f3 pot en tot moment ser revocada mitjan\u00e7ant les opcions de configuraci\u00f3 de continguts i privacitat disponibles.<\/p>\n<p>Molts navegadors permeten activar un mode privat mitjan\u00e7ant el qual les cookies s\u2019esborren sempre despr\u00e9s de la seva visita. Depenent de cada navegador, aquest mode privat pot tenir diferents noms. A continuaci\u00f3 trobareu una llista dels navegadors m\u00e9s comuns i els diferents noms que rep aquest \u201cmode privat\u201d:<\/p>\n<p><b>Internet Explorer 8 i\u00a0<\/b>superior; InPrivate\u00a0<b>Safari 2 i\u00a0<\/b>superior; navegaci\u00f3 Privada<\/p>\n<p><b>Opera 10.5 i\u00a0<\/b>superior; Navegaci\u00f3 Privada\u00a0<b>FireFox 3.5 i\u00a0<\/b>superior; Navegaci\u00f3 Privada\u00a0<b>Google Chrome 10\u00a0<\/b>i superior; inc\u00f2gnit<\/p>\n<p><b>Important:\u00a0<\/b>Si us plau, llegiu atentament la secci\u00f3 d\u2019ajuda del vostre navegador per con\u00e8ixer m\u00e9s sobre com activar el \u201cmode privat\u201d. Podr\u00e0 seguir visitant la nostra p\u00e0gina web tot i tenir activat aquest \u201cmode privat\u201d,\u00a0<b>si b\u00e9 la navegaci\u00f3 per la p\u00e0gina web pot no ser \u00f2ptima i algunes utilitats poden no funcionar.<\/b><\/p>\n<\/div><div class=\"fusion-clearfix\"><\/div><\/div><\/div><\/div><\/div>\n","protected":false},"excerpt":{"rendered":"","protected":false},"author":1,"featured_media":0,"parent":0,"menu_order":0,"comment_status":"closed","ping_status":"closed","template":"","meta":{"_acf_changed":false,"footnotes":""},"class_list":["post-2700","page","type-page","status-publish","hentry"],"acf":[],"yoast_head":"<!-- This site is optimized with the Yoast SEO plugin v25.2 - https:\/\/yoast.com\/wordpress\/plugins\/seo\/ -->\n<title>Pol\u00edtica de Cookies - R\u00fastics La Coma<\/title>\n<meta name=\"description\" content=\"Una \u201cCookie\u201d \u00e9s un petit arxiu que s\u2019emmagatzema a l\u2019ordinador de l\u2019usuari i ens permet recon\u00e8ixer-lo. El conjunt de \u201ccookies\u201d...\" \/>\n<meta name=\"robots\" content=\"index, follow, max-snippet:-1, max-image-preview:large, max-video-preview:-1\" \/>\n<link rel=\"canonical\" href=\"https:\/\/rusticslacoma.com\/ca\/politica-cookies\/\" \/>\n<meta property=\"og:locale\" content=\"ca_ES\" \/>\n<meta property=\"og:type\" content=\"article\" \/>\n<meta property=\"og:title\" content=\"Pol\u00edtica de Cookies - R\u00fastics La Coma\" \/>\n<meta property=\"og:description\" content=\"Una \u201cCookie\u201d \u00e9s un petit arxiu que s\u2019emmagatzema a l\u2019ordinador de l\u2019usuari i ens permet recon\u00e8ixer-lo. El conjunt de \u201ccookies\u201d...\" \/>\n<meta property=\"og:url\" content=\"https:\/\/rusticslacoma.com\/ca\/politica-cookies\/\" \/>\n<meta property=\"og:site_name\" content=\"R\u00fastics La Coma\" \/>\n<meta property=\"article:modified_time\" content=\"2020-06-30T05:37:41+00:00\" \/>\n<meta name=\"twitter:card\" content=\"summary_large_image\" \/>\n<meta name=\"twitter:label1\" content=\"Temps estimat de lectura\" \/>\n\t<meta name=\"twitter:data1\" content=\"6 minuts\" \/>\n<script type=\"application\/ld+json\" class=\"yoast-schema-graph\">{\"@context\":\"https:\/\/schema.org\",\"@graph\":[{\"@type\":\"WebPage\",\"@id\":\"https:\/\/rusticslacoma.com\/ca\/politica-cookies\/\",\"url\":\"https:\/\/rusticslacoma.com\/ca\/politica-cookies\/\",\"name\":\"Pol\u00edtica de Cookies - R\u00fastics La Coma\",\"isPartOf\":{\"@id\":\"https:\/\/rusticslacoma.com\/ca\/#website\"},\"datePublished\":\"2020-06-30T04:41:27+00:00\",\"dateModified\":\"2020-06-30T05:37:41+00:00\",\"description\":\"Una \u201cCookie\u201d \u00e9s un petit arxiu que s\u2019emmagatzema a l\u2019ordinador de l\u2019usuari i ens permet recon\u00e8ixer-lo. El conjunt de \u201ccookies\u201d...\",\"breadcrumb\":{\"@id\":\"https:\/\/rusticslacoma.com\/ca\/politica-cookies\/#breadcrumb\"},\"inLanguage\":\"ca\",\"potentialAction\":[{\"@type\":\"ReadAction\",\"target\":[\"https:\/\/rusticslacoma.com\/ca\/politica-cookies\/\"]}]},{\"@type\":\"BreadcrumbList\",\"@id\":\"https:\/\/rusticslacoma.com\/ca\/politica-cookies\/#breadcrumb\",\"itemListElement\":[{\"@type\":\"ListItem\",\"position\":1,\"name\":\"Inici\",\"item\":\"https:\/\/rusticslacoma.com\/ca\/\"},{\"@type\":\"ListItem\",\"position\":2,\"name\":\"Pol\u00edtica de Cookies\"}]},{\"@type\":\"WebSite\",\"@id\":\"https:\/\/rusticslacoma.com\/ca\/#website\",\"url\":\"https:\/\/rusticslacoma.com\/ca\/\",\"name\":\"R\u00fastics La Coma\",\"description\":\"Ladrillos y baldosas r\u00fasticas\",\"publisher\":{\"@id\":\"https:\/\/rusticslacoma.com\/ca\/#organization\"},\"potentialAction\":[{\"@type\":\"SearchAction\",\"target\":{\"@type\":\"EntryPoint\",\"urlTemplate\":\"https:\/\/rusticslacoma.com\/ca\/?s={search_term_string}\"},\"query-input\":{\"@type\":\"PropertyValueSpecification\",\"valueRequired\":true,\"valueName\":\"search_term_string\"}}],\"inLanguage\":\"ca\"},{\"@type\":\"Organization\",\"@id\":\"https:\/\/rusticslacoma.com\/ca\/#organization\",\"name\":\"R\u00fastics la Coma\",\"url\":\"https:\/\/rusticslacoma.com\/ca\/\",\"logo\":{\"@type\":\"ImageObject\",\"inLanguage\":\"ca\",\"@id\":\"https:\/\/rusticslacoma.com\/ca\/#\/schema\/logo\/image\/\",\"url\":\"https:\/\/rusticslacoma.com\/wp-content\/uploads\/2020\/04\/logo-rustics-400.png\",\"contentUrl\":\"https:\/\/rusticslacoma.com\/wp-content\/uploads\/2020\/04\/logo-rustics-400.png\",\"width\":400,\"height\":207,\"caption\":\"R\u00fastics la Coma\"},\"image\":{\"@id\":\"https:\/\/rusticslacoma.com\/ca\/#\/schema\/logo\/image\/\"}}]}<\/script>\n<!-- \/ Yoast SEO plugin. -->","yoast_head_json":{"title":"Pol\u00edtica de Cookies - R\u00fastics La Coma","description":"Una \u201cCookie\u201d \u00e9s un petit arxiu que s\u2019emmagatzema a l\u2019ordinador de l\u2019usuari i ens permet recon\u00e8ixer-lo. El conjunt de \u201ccookies\u201d...","robots":{"index":"index","follow":"follow","max-snippet":"max-snippet:-1","max-image-preview":"max-image-preview:large","max-video-preview":"max-video-preview:-1"},"canonical":"https:\/\/rusticslacoma.com\/ca\/politica-cookies\/","og_locale":"ca_ES","og_type":"article","og_title":"Pol\u00edtica de Cookies - R\u00fastics La Coma","og_description":"Una \u201cCookie\u201d \u00e9s un petit arxiu que s\u2019emmagatzema a l\u2019ordinador de l\u2019usuari i ens permet recon\u00e8ixer-lo. El conjunt de \u201ccookies\u201d...","og_url":"https:\/\/rusticslacoma.com\/ca\/politica-cookies\/","og_site_name":"R\u00fastics La Coma","article_modified_time":"2020-06-30T05:37:41+00:00","twitter_card":"summary_large_image","twitter_misc":{"Temps estimat de lectura":"6 minuts"},"schema":{"@context":"https:\/\/schema.org","@graph":[{"@type":"WebPage","@id":"https:\/\/rusticslacoma.com\/ca\/politica-cookies\/","url":"https:\/\/rusticslacoma.com\/ca\/politica-cookies\/","name":"Pol\u00edtica de Cookies - R\u00fastics La Coma","isPartOf":{"@id":"https:\/\/rusticslacoma.com\/ca\/#website"},"datePublished":"2020-06-30T04:41:27+00:00","dateModified":"2020-06-30T05:37:41+00:00","description":"Una \u201cCookie\u201d \u00e9s un petit arxiu que s\u2019emmagatzema a l\u2019ordinador de l\u2019usuari i ens permet recon\u00e8ixer-lo. El conjunt de \u201ccookies\u201d...","breadcrumb":{"@id":"https:\/\/rusticslacoma.com\/ca\/politica-cookies\/#breadcrumb"},"inLanguage":"ca","potentialAction":[{"@type":"ReadAction","target":["https:\/\/rusticslacoma.com\/ca\/politica-cookies\/"]}]},{"@type":"BreadcrumbList","@id":"https:\/\/rusticslacoma.com\/ca\/politica-cookies\/#breadcrumb","itemListElement":[{"@type":"ListItem","position":1,"name":"Inici","item":"https:\/\/rusticslacoma.com\/ca\/"},{"@type":"ListItem","position":2,"name":"Pol\u00edtica de Cookies"}]},{"@type":"WebSite","@id":"https:\/\/rusticslacoma.com\/ca\/#website","url":"https:\/\/rusticslacoma.com\/ca\/","name":"R\u00fastics La Coma","description":"Ladrillos y baldosas r\u00fasticas","publisher":{"@id":"https:\/\/rusticslacoma.com\/ca\/#organization"},"potentialAction":[{"@type":"SearchAction","target":{"@type":"EntryPoint","urlTemplate":"https:\/\/rusticslacoma.com\/ca\/?s={search_term_string}"},"query-input":{"@type":"PropertyValueSpecification","valueRequired":true,"valueName":"search_term_string"}}],"inLanguage":"ca"},{"@type":"Organization","@id":"https:\/\/rusticslacoma.com\/ca\/#organization","name":"R\u00fastics la Coma","url":"https:\/\/rusticslacoma.com\/ca\/","logo":{"@type":"ImageObject","inLanguage":"ca","@id":"https:\/\/rusticslacoma.com\/ca\/#\/schema\/logo\/image\/","url":"https:\/\/rusticslacoma.com\/wp-content\/uploads\/2020\/04\/logo-rustics-400.png","contentUrl":"https:\/\/rusticslacoma.com\/wp-content\/uploads\/2020\/04\/logo-rustics-400.png","width":400,"height":207,"caption":"R\u00fastics la Coma"},"image":{"@id":"https:\/\/rusticslacoma.com\/ca\/#\/schema\/logo\/image\/"}}]}},"_links":{"self":[{"href":"https:\/\/rusticslacoma.com\/ca\/wp-json\/wp\/v2\/pages\/2700","targetHints":{"allow":["GET"]}}],"collection":[{"href":"https:\/\/rusticslacoma.com\/ca\/wp-json\/wp\/v2\/pages"}],"about":[{"href":"https:\/\/rusticslacoma.com\/ca\/wp-json\/wp\/v2\/types\/page"}],"author":[{"embeddable":true,"href":"https:\/\/rusticslacoma.com\/ca\/wp-json\/wp\/v2\/users\/1"}],"replies":[{"embeddable":true,"href":"https:\/\/rusticslacoma.com\/ca\/wp-json\/wp\/v2\/comments?post=2700"}],"version-history":[{"count":0,"href":"https:\/\/rusticslacoma.com\/ca\/wp-json\/wp\/v2\/pages\/2700\/revisions"}],"wp:attachment":[{"href":"https:\/\/rusticslacoma.com\/ca\/wp-json\/wp\/v2\/media?parent=2700"}],"curies":[{"name":"wp","href":"https:\/\/api.w.org\/{rel}","templated":true}]}}