{"id":2634,"date":"2020-06-29T07:18:53","date_gmt":"2020-06-29T05:18:53","guid":{"rendered":"https:\/\/rusticslacoma.com\/?page_id=2634"},"modified":"2025-03-03T11:30:43","modified_gmt":"2025-03-03T09:30:43","slug":"pressupost","status":"publish","type":"page","link":"https:\/\/rusticslacoma.com\/ca\/pressupost\/","title":{"rendered":"Demana pressupost"},"content":{"rendered":"<p><div class=\"fusion-fullwidth fullwidth-box fusion-builder-row-1 nonhundred-percent-fullwidth non-hundred-percent-height-scrolling fusion-equal-height-columns\" style=\"--awb-border-radius-top-left:0px;--awb-border-radius-top-right:0px;--awb-border-radius-bottom-right:0px;--awb-border-radius-bottom-left:0px;--awb-padding-top:4%;--awb-padding-bottom:4%;--awb-background-image:linear-gradient(180deg, #f0edf5 50%,rgba(255,255,255,0) 83%);--awb-flex-wrap:wrap;\" ><div class=\"fusion-builder-row fusion-row\"><div class=\"fusion-layout-column fusion_builder_column fusion-builder-column-0 fusion_builder_column_1_5 1_5 fusion-one-fifth fusion-column-first fusion-no-small-visibility\" style=\"--awb-bg-size:cover;--awb-margin-top:10px;--awb-margin-bottom:10px;width:20%;width:calc(20% - ( ( 3% + 3% ) * 0.2 ) );margin-right: 3%;\"><div class=\"fusion-column-wrapper fusion-column-has-shadow fusion-flex-column-wrapper-legacy\"><div class=\"fusion-clearfix\"><\/div><\/div><\/div><div class=\"fusion-layout-column fusion_builder_column fusion-builder-column-1 fusion_builder_column_3_5 3_5 fusion-three-fifth\" style=\"--awb-bg-size:cover;--awb-margin-top:40px;--awb-margin-bottom:40px;width:60%;width:calc(60% - ( ( 3% + 3% ) * 0.6 ) );margin-right: 3%;\"><div class=\"fusion-column-wrapper fusion-column-has-shadow fusion-flex-column-wrapper-legacy\"><div class=\"fusion-column-content-centered\"><div class=\"fusion-column-content\"><div class=\"fusion-sep-clear\"><\/div><div class=\"fusion-separator fusion-full-width-sep\" style=\"margin-left: auto;margin-right: auto;margin-top:5px;margin-bottom:5px;width:100%;\"><\/div><div class=\"fusion-sep-clear\"><\/div><div class=\"fusion-title title fusion-title-1 fusion-sep-none fusion-title-center fusion-title-text fusion-title-size-one\" style=\"--awb-margin-bottom:25px;--awb-font-size:56px;\"><h1 class=\"fusion-title-heading title-heading-center fusion-responsive-typography-calculated\" style=\"margin:0;font-size:1em;--fontSize:56;line-height:1.21;\">Demana pressupost<\/h1><\/div><div class=\"fusion-text fusion-text-1\"><p style=\"font-size: 18px; line-height: 30px; text-align: center;\" data-fusion-font=\"true\">Est\u00e0s interessat en els nostres productes?<br \/>\n<strong>Demana pressupost sense comprom\u00eds.<\/strong><\/p>\n<\/div><div class=\"fusion-sep-clear\"><\/div><div class=\"fusion-separator fusion-full-width-sep\" style=\"margin-left: auto;margin-right: auto;margin-top:8px;margin-bottom:8px;width:100%;\"><\/div><div class=\"fusion-sep-clear\"><\/div><\/div><\/div><div class=\"fusion-clearfix\"><\/div><\/div><\/div><div class=\"fusion-layout-column fusion_builder_column fusion-builder-column-2 fusion_builder_column_1_5 1_5 fusion-one-fifth fusion-column-last fusion-no-small-visibility\" style=\"--awb-bg-size:cover;--awb-margin-top:10px;--awb-margin-bottom:10px;width:20%;width:calc(20% - ( ( 3% + 3% ) * 0.2 ) );\"><div class=\"fusion-column-wrapper fusion-column-has-shadow fusion-flex-column-wrapper-legacy\"><div class=\"fusion-clearfix\"><\/div><\/div><\/div><div class=\"fusion-layout-column fusion_builder_column fusion-builder-column-3 fusion_builder_column_1_6 1_6 fusion-one-sixth fusion-column-first\" style=\"--awb-bg-size:cover;width:16.666666666667%;width:calc(16.666666666667% - ( ( 0% + 0% + 0% ) * 0.16666666666667 ) );margin-right: 0%;\"><div class=\"fusion-column-wrapper fusion-column-has-shadow fusion-flex-column-wrapper-legacy\"><div class=\"fusion-clearfix\"><\/div><\/div><\/div><div class=\"fusion-layout-column fusion_builder_column fusion-builder-column-4 fusion_builder_column_1_3 1_3 fusion-one-third\" style=\"--awb-padding-right:12%;--awb-padding-left:12%;--awb-bg-size:cover;--awb-border-color:#f0edf5;--awb-border-right:1px;--awb-border-style:solid;width:33.333333333333%;width:calc(33.333333333333% - ( ( 0% + 0% + 0% ) * 0.33333333333333 ) );margin-right: 0%;\"><div class=\"fusion-column-wrapper fusion-column-has-shadow fusion-flex-column-wrapper-legacy\"><div class=\"fusion-column-content-centered\"><div class=\"fusion-column-content\"><div class=\"fusion-fa-align-center\"><i class=\"fb-icon-element-1 fb-icon-element fontawesome-icon fa-envelope far circle-no fusion-animated\" style=\"--awb-iconcolor:#df7716;--awb-font-size:36px;--awb-margin-bottom:24px;\" data-animationType=\"fadeInDown\" data-animationDuration=\"1.0\" data-animationOffset=\"top-into-view\"><\/i><\/div><div class=\"fusion-title title fusion-title-2 fusion-sep-none fusion-title-center fusion-title-text fusion-title-size-six\" style=\"--awb-margin-bottom:10px;--awb-margin-bottom-small:10px;\"><h6 class=\"fusion-title-heading title-heading-center fusion-responsive-typography-calculated\" style=\"margin:0;--fontSize:12;--minFontSize:12;line-height:1.5;\">Envia&#8217;ns un e-mail<\/h6><\/div><div class=\"fusion-title title fusion-title-3 fusion-sep-none fusion-title-center fusion-title-text fusion-title-size-four\"><h4 class=\"fusion-title-heading title-heading-center fusion-responsive-typography-calculated\" style=\"margin:0;--fontSize:14;--minFontSize:14;line-height:1.2;\"><a href=\"mailto:comercial@lacoma.com\" onClick=\"gtag('event', 'click', {'event_category': 'email','event_label': 'email'});\">comercial@lacoma.com<\/a><\/h4><\/div><\/div><\/div><div class=\"fusion-clearfix\"><\/div><\/div><\/div><div class=\"fusion-layout-column fusion_builder_column fusion-builder-column-5 fusion_builder_column_1_3 1_3 fusion-one-third\" style=\"--awb-padding-right:12%;--awb-padding-left:12%;--awb-bg-size:cover;width:33.333333333333%;width:calc(33.333333333333% - ( ( 0% + 0% + 0% ) * 0.33333333333333 ) );margin-right: 0%;\"><div class=\"fusion-column-wrapper fusion-column-has-shadow fusion-flex-column-wrapper-legacy\"><div class=\"fusion-column-content-centered\"><div class=\"fusion-column-content\"><div class=\"fusion-fa-align-center\"><i class=\"fb-icon-element-2 fb-icon-element fontawesome-icon fa-phone-volume fas circle-no fusion-animated\" style=\"--awb-iconcolor:#df7716;--awb-font-size:36px;--awb-margin-bottom:24px;\" data-animationType=\"fadeInDown\" data-animationDuration=\"1.0\" data-animationOffset=\"top-into-view\"><\/i><\/div><div class=\"fusion-title title fusion-title-4 fusion-sep-none fusion-title-center fusion-title-text fusion-title-size-six\" style=\"--awb-margin-bottom:10px;--awb-margin-bottom-small:10px;\"><h6 class=\"fusion-title-heading title-heading-center fusion-responsive-typography-calculated\" style=\"margin:0;--fontSize:12;--minFontSize:12;line-height:1.5;\">Truca&#8217;ns<\/h6><\/div><div class=\"fusion-title title fusion-title-5 fusion-sep-none fusion-title-center fusion-title-text fusion-title-size-four\"><h4 class=\"fusion-title-heading title-heading-center fusion-responsive-typography-calculated\" style=\"margin:0;--fontSize:14;--minFontSize:14;line-height:1.2;\"><a href=\"tel:973 445 104\" onClick=\"gtag('event', 'click', {'event_category': 'telf','event_label': 'telf'});\">973 445 104<\/a><\/h4><\/div><\/div><\/div><div class=\"fusion-clearfix\"><\/div><\/div><\/div><div class=\"fusion-layout-column fusion_builder_column fusion-builder-column-6 fusion_builder_column_1_6 1_6 fusion-one-sixth fusion-column-last\" style=\"--awb-bg-size:cover;width:16.666666666667%;width:calc(16.666666666667% - ( ( 0% + 0% + 0% ) * 0.16666666666667 ) );\"><div class=\"fusion-column-wrapper fusion-column-has-shadow fusion-flex-column-wrapper-legacy\"><div class=\"fusion-clearfix\"><\/div><\/div><\/div><\/div><\/div><div class=\"fusion-fullwidth fullwidth-box fusion-builder-row-2 nonhundred-percent-fullwidth non-hundred-percent-height-scrolling\" style=\"--awb-border-sizes-top:0px;--awb-border-sizes-bottom:0px;--awb-border-sizes-left:0px;--awb-border-sizes-right:0px;--awb-border-color:#ececed;--awb-border-radius-top-left:0px;--awb-border-radius-top-right:0px;--awb-border-radius-bottom-right:0px;--awb-border-radius-bottom-left:0px;--awb-padding-top:50px;--awb-padding-bottom:70px;--awb-flex-wrap:wrap;\" ><div class=\"fusion-builder-row fusion-row\"><div class=\"fusion-layout-column fusion_builder_column fusion-builder-column-7 fusion_builder_column_1_1 1_1 fusion-one-full fusion-column-first fusion-column-last\" style=\"--awb-bg-size:cover;\"><div class=\"fusion-column-wrapper fusion-column-has-shadow fusion-flex-column-wrapper-legacy\"><div class=\"fusion-title title fusion-title-6 fusion-sep-none fusion-title-center fusion-title-text fusion-title-size-two\"><h2 class=\"fusion-title-heading title-heading-center fusion-responsive-typography-calculated\" style=\"margin:0;--fontSize:36;line-height:1.28;\">Formulari de sol\u00b7licitud de pressupost<\/h2><\/div><div class=\"fusion-text fusion-text-2\"><p style=\"font-size: 18px; line-height: 30px; text-align: center;\" data-fusion-font=\"true\">Omple el formulari i calcularem el teu pressupost.<\/p>\n<\/div><div class=\"fusion-clearfix\"><\/div><\/div><\/div><div class=\"fusion-layout-column fusion_builder_column fusion-builder-column-8 fusion_builder_column_3_5 3_5 fusion-three-fifth fusion-column-first\" style=\"--awb-bg-size:cover;width:60%;width:calc(60% - ( ( 3% ) * 0.6 ) );margin-right: 3%;\"><div class=\"fusion-column-wrapper fusion-column-has-shadow fusion-flex-column-wrapper-legacy\">\n<div class=\"wpcf7 no-js\" id=\"wpcf7-f2628-o1\" lang=\"en-US\" dir=\"ltr\" data-wpcf7-id=\"2628\">\n<div class=\"screen-reader-response\"><p role=\"status\" aria-live=\"polite\" aria-atomic=\"true\"><\/p> <ul><\/ul><\/div>\n<form action=\"\/ca\/wp-json\/wp\/v2\/pages\/2634#wpcf7-f2628-o1\" method=\"post\" class=\"wpcf7-form init wpcf7-acceptance-as-validation\" aria-label=\"Contact form\" novalidate=\"novalidate\" data-status=\"init\">\n<div style=\"display: none;\">\n<input type=\"hidden\" name=\"_wpcf7\" value=\"2628\" \/>\n<input type=\"hidden\" name=\"_wpcf7_version\" value=\"6.0.6\" \/>\n<input type=\"hidden\" name=\"_wpcf7_locale\" value=\"en_US\" \/>\n<input type=\"hidden\" name=\"_wpcf7_unit_tag\" value=\"wpcf7-f2628-o1\" \/>\n<input type=\"hidden\" name=\"_wpcf7_container_post\" value=\"0\" \/>\n<input type=\"hidden\" name=\"_wpcf7_posted_data_hash\" value=\"\" \/>\n<input type=\"hidden\" name=\"_wpcf7_recaptcha_response\" value=\"\" \/>\n<\/div>\n<div class=\"fusion-columns fusion-clearfix\" style=\"margin-bottom: 20px;\">\n\t<div class=\"col-lg-6 col-md-6 col-sm-12\">\n\t\t<p>Nom *\n\t\t<\/p>\n\t\t<p><span class=\"wpcf7-form-control-wrap\" data-name=\"nombre\"><input size=\"40\" maxlength=\"400\" class=\"wpcf7-form-control wpcf7-text wpcf7-validates-as-required\" aria-required=\"true\" aria-invalid=\"false\" value=\"\" type=\"text\" name=\"nombre\" \/><\/span>\n\t\t<\/p>\n\t<\/div>\n\t<div class=\"col-lg-6 col-md-6 col-sm-12\">\n\t\t<p>Cognoms *\n\t\t<\/p>\n\t\t<p><span class=\"wpcf7-form-control-wrap\" data-name=\"apellidos\"><input size=\"40\" maxlength=\"400\" class=\"wpcf7-form-control wpcf7-text wpcf7-validates-as-required\" aria-required=\"true\" aria-invalid=\"false\" value=\"\" type=\"text\" name=\"apellidos\" \/><\/span>\n\t\t<\/p>\n\t<\/div>\n<\/div>\n<div class=\"fusion-columns fusion-clearfix\" style=\"margin-bottom: 20px;\">\n\t<div class=\"col-lg-6 col-md-6 col-sm-12\">\n\t\t<p>Correu electr\u00f2nic *\n\t\t<\/p>\n\t\t<p><span class=\"wpcf7-form-control-wrap\" data-name=\"email\"><input size=\"40\" maxlength=\"400\" class=\"wpcf7-form-control wpcf7-email wpcf7-validates-as-required wpcf7-text wpcf7-validates-as-email\" aria-required=\"true\" aria-invalid=\"false\" value=\"\" type=\"email\" name=\"email\" \/><\/span>\n\t\t<\/p>\n\t<\/div>\n\t<div class=\"col-lg-6 col-md-6 col-sm-12\">\n\t\t<p>Tel\u00e8fon *\n\t\t<\/p>\n\t\t<p><span class=\"wpcf7-form-control-wrap\" data-name=\"telefono\"><input size=\"40\" maxlength=\"400\" class=\"wpcf7-form-control wpcf7-text wpcf7-validates-as-required\" aria-required=\"true\" aria-invalid=\"false\" value=\"\" type=\"text\" name=\"telefono\" \/><\/span>\n\t\t<\/p>\n\t<\/div>\n<\/div>\n<p>Empresa *\n<\/p>\n<p><span class=\"wpcf7-form-control-wrap\" data-name=\"empresa\"><input size=\"40\" maxlength=\"400\" class=\"wpcf7-form-control wpcf7-text\" aria-invalid=\"false\" value=\"\" type=\"text\" name=\"empresa\" \/><\/span>\n<\/p>\n<p style=\"margin-bottom: 30px;\">Producte en el que est\u00e0s interessat *\n<\/p>\n<p><span class=\"wpcf7-form-control-wrap\" data-name=\"producto\"><select class=\"wpcf7-form-control wpcf7-select wpcf7-validates-as-required\" aria-required=\"true\" aria-invalid=\"false\" name=\"producto\"><option value=\"Maons r\u00fastics manuals\">Maons r\u00fastics manuals<\/option><option value=\"Maons r\u00fastics semi-manuals\">Maons r\u00fastics semi-manuals<\/option><option value=\"Rajoles r\u00fastiques manuals\">Rajoles r\u00fastiques manuals<\/option><option value=\"Rajoles r\u00fastiques semi-manuals\">Rajoles r\u00fastiques semi-manuals<\/option><option value=\"Peces especials\">Peces especials<\/option><option value=\"Plaquetes r\u00fastiques\">Plaquetes r\u00fastiques<\/option><\/select><\/span>\n<\/p>\n<p style=\"margin-bottom: 30px;\">Explica'ns el teu projecte *\n<\/p>\n<p><span class=\"wpcf7-form-control-wrap\" data-name=\"mensaje\"><textarea cols=\"40\" rows=\"10\" maxlength=\"2000\" class=\"wpcf7-form-control wpcf7-textarea wpcf7-validates-as-required\" aria-required=\"true\" aria-invalid=\"false\" name=\"mensaje\"><\/textarea><\/span>\n<\/p>\n<p class=\"polpri\"><span class=\"wpcf7-form-control-wrap\" data-name=\"aceptacion\"><span class=\"wpcf7-form-control wpcf7-acceptance\"><span class=\"wpcf7-list-item\"><label><input type=\"checkbox\" name=\"aceptacion\" value=\"1\" aria-invalid=\"false\" \/><span class=\"wpcf7-list-item-label\">Accepto la <a href=\"\/ca\/politica-privacitat\/\">Pol\u00edtica de Privacitat<\/a><\/span><\/label><\/span><\/span><\/span>\n<\/p>\n<p><input class=\"wpcf7-form-control wpcf7-submit has-spinner\" type=\"submit\" value=\"Enviar missatge\" \/>\n<\/p><div class=\"fusion-alert alert custom alert-custom fusion-alert-center wpcf7-response-output fusion-alert-capitalize awb-alert-native-link-color alert-dismissable awb-alert-close-boxed\" style=\"--awb-border-size:1px;--awb-border-top-left-radius:0px;--awb-border-top-right-radius:0px;--awb-border-bottom-left-radius:0px;--awb-border-bottom-right-radius:0px;\" role=\"alert\"><div class=\"fusion-alert-content-wrapper\"><span class=\"fusion-alert-content\"><\/span><\/div><button type=\"button\" class=\"close toggle-alert\" data-dismiss=\"alert\" aria-label=\"Close\">&times;<\/button><\/div>\n<\/form>\n<\/div>\n<div class=\"fusion-clearfix\"><\/div><\/div><\/div><div class=\"fusion-layout-column fusion_builder_column fusion-builder-column-9 fusion_builder_column_2_5 2_5 fusion-two-fifth fusion-column-last\" style=\"--awb-padding-left:36px;--awb-bg-size:cover;--awb-border-color:#f0edf5;--awb-border-left:1px;--awb-border-style:solid;width:40%;width:calc(40% - ( ( 3% ) * 0.4 ) );\"><div class=\"fusion-column-wrapper fusion-column-has-shadow fusion-flex-column-wrapper-legacy\"><div class=\"fusion-text fusion-text-3\"><p style=\"font-size: 14px;\"><strong>Per elaborar un pressupost correctament, detalli el m\u00e0xim possible totes les dades de la seva obra:<\/strong><\/p>\n<ul>\n<li style=\"font-size: 14px;\">Peces i materials que sol\u00b7liciten<\/li>\n<li style=\"font-size: 14px;\">M2 de cada material<\/li>\n<li style=\"font-size: 14px;\">Adre\u00e7a completa d&#8217;enviament (per al c\u00e0lcul del transport)<\/li>\n<li style=\"font-size: 14px;\">Indicar si necessiten transport o corre pels seus mitjans<\/li>\n<li style=\"font-size: 14px;\">I tota la informaci\u00f3 que considerin oportuna i que necessitem con\u00e8ixer<\/li>\n<\/ul>\n<p style=\"font-size: 14px;\">Despr\u00e9s d&#8217;omplir el formulari, en breu li enviarem un pressupost detallat. En cas de dubtes, contactarem amb vost\u00e8 per comentar-los.<\/p>\n<p style=\"font-size: 14px;\">Un cop confirmat el pressupost, que totes les dades s\u00f3n correctes i que coincideixen amb la comanda sol\u00b7licitada, per formalitzar la compra s&#8217;ha de realitzar una transfer\u00e8ncia banc\u00e0ria.<\/p>\n<p style=\"font-size: 14px;\">Un cop realitzat el pagament al n\u00famero de compte que li indiquem s&#8217;enviar\u00e0 la mercaderia.<\/p>\n<\/div><div class=\"fusion-clearfix\"><\/div><\/div><\/div><\/div><\/div><\/p>\n","protected":false},"excerpt":{"rendered":"","protected":false},"author":1,"featured_media":0,"parent":0,"menu_order":0,"comment_status":"closed","ping_status":"closed","template":"100-width.php","meta":{"_acf_changed":false,"footnotes":""},"class_list":["post-2634","page","type-page","status-publish","hentry"],"acf":[],"yoast_head":"<!-- This site is optimized with the Yoast SEO plugin v25.2 - https:\/\/yoast.com\/wordpress\/plugins\/seo\/ -->\n<title>Sol\u00b7licita pressupost per a cer\u00e0mica r\u00fastica | R\u00fastics La Coma<\/title>\n<meta name=\"description\" content=\"Interessat en els nostres productes cer\u00e0mics r\u00fastics? Sol\u00b7licita un pressupost sense comprom\u00eds omplint el nostre formulari o contactant-nos.\" \/>\n<meta name=\"robots\" content=\"index, follow, max-snippet:-1, max-image-preview:large, max-video-preview:-1\" \/>\n<link rel=\"canonical\" href=\"https:\/\/rusticslacoma.com\/ca\/pressupost\/\" \/>\n<meta property=\"og:locale\" content=\"ca_ES\" \/>\n<meta property=\"og:type\" content=\"article\" \/>\n<meta property=\"og:title\" content=\"Sol\u00b7licita pressupost per a cer\u00e0mica r\u00fastica | R\u00fastics La Coma\" \/>\n<meta property=\"og:description\" content=\"Interessat en els nostres productes cer\u00e0mics r\u00fastics? Sol\u00b7licita un pressupost sense comprom\u00eds omplint el nostre formulari o contactant-nos.\" \/>\n<meta property=\"og:url\" content=\"https:\/\/rusticslacoma.com\/ca\/pressupost\/\" \/>\n<meta property=\"og:site_name\" content=\"R\u00fastics La Coma\" \/>\n<meta property=\"article:modified_time\" content=\"2025-03-03T09:30:43+00:00\" \/>\n<meta name=\"twitter:card\" content=\"summary_large_image\" \/>\n<meta name=\"twitter:label1\" content=\"Temps estimat de lectura\" \/>\n\t<meta name=\"twitter:data1\" content=\"1 minut\" \/>\n<script type=\"application\/ld+json\" class=\"yoast-schema-graph\">{\"@context\":\"https:\/\/schema.org\",\"@graph\":[{\"@type\":\"WebPage\",\"@id\":\"https:\/\/rusticslacoma.com\/ca\/pressupost\/\",\"url\":\"https:\/\/rusticslacoma.com\/ca\/pressupost\/\",\"name\":\"Sol\u00b7licita pressupost per a cer\u00e0mica r\u00fastica | R\u00fastics La Coma\",\"isPartOf\":{\"@id\":\"https:\/\/rusticslacoma.com\/ca\/#website\"},\"datePublished\":\"2020-06-29T05:18:53+00:00\",\"dateModified\":\"2025-03-03T09:30:43+00:00\",\"description\":\"Interessat en els nostres productes cer\u00e0mics r\u00fastics? Sol\u00b7licita un pressupost sense comprom\u00eds omplint el nostre formulari o contactant-nos.\",\"breadcrumb\":{\"@id\":\"https:\/\/rusticslacoma.com\/ca\/pressupost\/#breadcrumb\"},\"inLanguage\":\"ca\",\"potentialAction\":[{\"@type\":\"ReadAction\",\"target\":[\"https:\/\/rusticslacoma.com\/ca\/pressupost\/\"]}]},{\"@type\":\"BreadcrumbList\",\"@id\":\"https:\/\/rusticslacoma.com\/ca\/pressupost\/#breadcrumb\",\"itemListElement\":[{\"@type\":\"ListItem\",\"position\":1,\"name\":\"Inici\",\"item\":\"https:\/\/rusticslacoma.com\/ca\/\"},{\"@type\":\"ListItem\",\"position\":2,\"name\":\"Demana pressupost\"}]},{\"@type\":\"WebSite\",\"@id\":\"https:\/\/rusticslacoma.com\/ca\/#website\",\"url\":\"https:\/\/rusticslacoma.com\/ca\/\",\"name\":\"R\u00fastics La Coma\",\"description\":\"Ladrillos y baldosas r\u00fasticas\",\"publisher\":{\"@id\":\"https:\/\/rusticslacoma.com\/ca\/#organization\"},\"potentialAction\":[{\"@type\":\"SearchAction\",\"target\":{\"@type\":\"EntryPoint\",\"urlTemplate\":\"https:\/\/rusticslacoma.com\/ca\/?s={search_term_string}\"},\"query-input\":{\"@type\":\"PropertyValueSpecification\",\"valueRequired\":true,\"valueName\":\"search_term_string\"}}],\"inLanguage\":\"ca\"},{\"@type\":\"Organization\",\"@id\":\"https:\/\/rusticslacoma.com\/ca\/#organization\",\"name\":\"R\u00fastics la Coma\",\"url\":\"https:\/\/rusticslacoma.com\/ca\/\",\"logo\":{\"@type\":\"ImageObject\",\"inLanguage\":\"ca\",\"@id\":\"https:\/\/rusticslacoma.com\/ca\/#\/schema\/logo\/image\/\",\"url\":\"https:\/\/rusticslacoma.com\/wp-content\/uploads\/2020\/04\/logo-rustics-400.png\",\"contentUrl\":\"https:\/\/rusticslacoma.com\/wp-content\/uploads\/2020\/04\/logo-rustics-400.png\",\"width\":400,\"height\":207,\"caption\":\"R\u00fastics la Coma\"},\"image\":{\"@id\":\"https:\/\/rusticslacoma.com\/ca\/#\/schema\/logo\/image\/\"}}]}<\/script>\n<!-- \/ Yoast SEO plugin. -->","yoast_head_json":{"title":"Sol\u00b7licita pressupost per a cer\u00e0mica r\u00fastica | R\u00fastics La Coma","description":"Interessat en els nostres productes cer\u00e0mics r\u00fastics? Sol\u00b7licita un pressupost sense comprom\u00eds omplint el nostre formulari o contactant-nos.","robots":{"index":"index","follow":"follow","max-snippet":"max-snippet:-1","max-image-preview":"max-image-preview:large","max-video-preview":"max-video-preview:-1"},"canonical":"https:\/\/rusticslacoma.com\/ca\/pressupost\/","og_locale":"ca_ES","og_type":"article","og_title":"Sol\u00b7licita pressupost per a cer\u00e0mica r\u00fastica | R\u00fastics La Coma","og_description":"Interessat en els nostres productes cer\u00e0mics r\u00fastics? Sol\u00b7licita un pressupost sense comprom\u00eds omplint el nostre formulari o contactant-nos.","og_url":"https:\/\/rusticslacoma.com\/ca\/pressupost\/","og_site_name":"R\u00fastics La Coma","article_modified_time":"2025-03-03T09:30:43+00:00","twitter_card":"summary_large_image","twitter_misc":{"Temps estimat de lectura":"1 minut"},"schema":{"@context":"https:\/\/schema.org","@graph":[{"@type":"WebPage","@id":"https:\/\/rusticslacoma.com\/ca\/pressupost\/","url":"https:\/\/rusticslacoma.com\/ca\/pressupost\/","name":"Sol\u00b7licita pressupost per a cer\u00e0mica r\u00fastica | R\u00fastics La Coma","isPartOf":{"@id":"https:\/\/rusticslacoma.com\/ca\/#website"},"datePublished":"2020-06-29T05:18:53+00:00","dateModified":"2025-03-03T09:30:43+00:00","description":"Interessat en els nostres productes cer\u00e0mics r\u00fastics? Sol\u00b7licita un pressupost sense comprom\u00eds omplint el nostre formulari o contactant-nos.","breadcrumb":{"@id":"https:\/\/rusticslacoma.com\/ca\/pressupost\/#breadcrumb"},"inLanguage":"ca","potentialAction":[{"@type":"ReadAction","target":["https:\/\/rusticslacoma.com\/ca\/pressupost\/"]}]},{"@type":"BreadcrumbList","@id":"https:\/\/rusticslacoma.com\/ca\/pressupost\/#breadcrumb","itemListElement":[{"@type":"ListItem","position":1,"name":"Inici","item":"https:\/\/rusticslacoma.com\/ca\/"},{"@type":"ListItem","position":2,"name":"Demana pressupost"}]},{"@type":"WebSite","@id":"https:\/\/rusticslacoma.com\/ca\/#website","url":"https:\/\/rusticslacoma.com\/ca\/","name":"R\u00fastics La Coma","description":"Ladrillos y baldosas r\u00fasticas","publisher":{"@id":"https:\/\/rusticslacoma.com\/ca\/#organization"},"potentialAction":[{"@type":"SearchAction","target":{"@type":"EntryPoint","urlTemplate":"https:\/\/rusticslacoma.com\/ca\/?s={search_term_string}"},"query-input":{"@type":"PropertyValueSpecification","valueRequired":true,"valueName":"search_term_string"}}],"inLanguage":"ca"},{"@type":"Organization","@id":"https:\/\/rusticslacoma.com\/ca\/#organization","name":"R\u00fastics la Coma","url":"https:\/\/rusticslacoma.com\/ca\/","logo":{"@type":"ImageObject","inLanguage":"ca","@id":"https:\/\/rusticslacoma.com\/ca\/#\/schema\/logo\/image\/","url":"https:\/\/rusticslacoma.com\/wp-content\/uploads\/2020\/04\/logo-rustics-400.png","contentUrl":"https:\/\/rusticslacoma.com\/wp-content\/uploads\/2020\/04\/logo-rustics-400.png","width":400,"height":207,"caption":"R\u00fastics la Coma"},"image":{"@id":"https:\/\/rusticslacoma.com\/ca\/#\/schema\/logo\/image\/"}}]}},"_links":{"self":[{"href":"https:\/\/rusticslacoma.com\/ca\/wp-json\/wp\/v2\/pages\/2634","targetHints":{"allow":["GET"]}}],"collection":[{"href":"https:\/\/rusticslacoma.com\/ca\/wp-json\/wp\/v2\/pages"}],"about":[{"href":"https:\/\/rusticslacoma.com\/ca\/wp-json\/wp\/v2\/types\/page"}],"author":[{"embeddable":true,"href":"https:\/\/rusticslacoma.com\/ca\/wp-json\/wp\/v2\/users\/1"}],"replies":[{"embeddable":true,"href":"https:\/\/rusticslacoma.com\/ca\/wp-json\/wp\/v2\/comments?post=2634"}],"version-history":[{"count":2,"href":"https:\/\/rusticslacoma.com\/ca\/wp-json\/wp\/v2\/pages\/2634\/revisions"}],"predecessor-version":[{"id":3949,"href":"https:\/\/rusticslacoma.com\/ca\/wp-json\/wp\/v2\/pages\/2634\/revisions\/3949"}],"wp:attachment":[{"href":"https:\/\/rusticslacoma.com\/ca\/wp-json\/wp\/v2\/media?parent=2634"}],"curies":[{"name":"wp","href":"https:\/\/api.w.org\/{rel}","templated":true}]}}